{"id":3887,"date":"2024-09-01T10:12:54","date_gmt":"2024-09-01T10:12:54","guid":{"rendered":"https:\/\/www.amazon-of-europe.com\/projects\/elp\/"},"modified":"2025-02-05T09:46:49","modified_gmt":"2025-02-05T09:46:49","slug":"elsp","status":"publish","type":"page","link":"https:\/\/www.amazon-of-europe.com\/de\/projekte\/elsp\/","title":{"rendered":"Restoring the Amazon of Europe"},"content":{"rendered":"<p>[et_pb_section fb_built=&#8220;1&#8243; _builder_version=&#8220;4.27.0&#8243; _module_preset=&#8220;default&#8220; background_color=&#8220;#A5BE8A&#8220; custom_margin=&#8220;0px||0px||false|false&#8220; custom_padding=&#8220;25px||10px||false|false&#8220; top_divider_color=&#8220;#7DAAAF&#8220; top_divider_height=&#8220;18px&#8220; top_divider_repeat=&#8220;25x&#8220; top_divider_height_tablet=&#8220;16px&#8220; top_divider_height_phone=&#8220;10px&#8220; top_divider_height_last_edited=&#8220;on|desktop&#8220; top_divider_repeat_tablet=&#8220;16x&#8220; top_divider_repeat_phone=&#8220;10x&#8220; top_divider_repeat_last_edited=&#8220;on|phone&#8220; bottom_divider_color=&#8220;#7DAAAF&#8220; bottom_divider_height=&#8220;25px&#8220; bottom_divider_repeat=&#8220;25x&#8220; bottom_divider_height_tablet=&#8220;16px&#8220; bottom_divider_height_phone=&#8220;10px&#8220; bottom_divider_height_last_edited=&#8220;on|phone&#8220; bottom_divider_repeat_tablet=&#8220;16x&#8220; bottom_divider_repeat_phone=&#8220;10x&#8220; bottom_divider_repeat_last_edited=&#8220;on|phone&#8220; border_color_top=&#8220;#d8e5e7&#8243; border_color_bottom=&#8220;#A5BE8A&#8220; locked=&#8220;off&#8220; global_colors_info=&#8220;{}&#8220;][et_pb_row _builder_version=&#8220;4.27.0&#8243; _module_preset=&#8220;default&#8220; width=&#8220;65%&#8220; width_tablet=&#8220;80%&#8220; width_phone=&#8220;80%&#8220; width_last_edited=&#8220;on|tablet&#8220; max_width=&#8220;900px&#8220; custom_margin=&#8220;0px||0px||false|false&#8220; custom_padding=&#8220;0px||0px||false|false&#8220; global_colors_info=&#8220;{}&#8220;][et_pb_column type=&#8220;4_4&#8243; _builder_version=&#8220;4.27.0&#8243; _module_preset=&#8220;default&#8220; global_colors_info=&#8220;{}&#8220;][et_pb_text _builder_version=&#8220;4.27.0&#8243; _module_preset=&#8220;default&#8220; header_text_color=&#8220;#FFFFFF&#8220; header_font_size=&#8220;45px&#8220; custom_margin=&#8220;0px||0px||false|false&#8220; custom_padding=&#8220;0px||0px||false|false&#8220; global_colors_info=&#8220;{}&#8220;]<\/p>\n<h1>Restoring the amazon of Europe<\/h1>\n<p>[\/et_pb_text][\/et_pb_column][\/et_pb_row][\/et_pb_section][et_pb_section fb_built=&#8220;1&#8243; _builder_version=&#8220;4.27.0&#8243; _module_preset=&#8220;default&#8220; custom_margin=&#8220;0px||0px||false|false&#8220; custom_padding=&#8220;0px||0px||false|false&#8220; global_colors_info=&#8220;{}&#8220;][et_pb_row _builder_version=&#8220;4.27.0&#8243; _module_preset=&#8220;default&#8220; width=&#8220;65%&#8220; width_tablet=&#8220;80%&#8220; width_phone=&#8220;80%&#8220; width_last_edited=&#8220;on|desktop&#8220; max_width=&#8220;900px&#8220; module_alignment=&#8220;center&#8220; global_colors_info=&#8220;{}&#8220;][et_pb_column type=&#8220;4_4&#8243; _builder_version=&#8220;4.25.2&#8243; _module_preset=&#8220;default&#8220; global_colors_info=&#8220;{}&#8220;][et_pb_text _builder_version=&#8220;4.27.0&#8243; _module_preset=&#8220;default&#8220; text_font_size=&#8220;16px&#8220; text_line_height=&#8220;22px&#8220; header_2_text_color=&#8220;#7DAAAF&#8220; header_2_font_size=&#8220;35px&#8220; global_colors_info=&#8220;{}&#8220;]<\/p>\n<h2>Restoring the Amazon of Europe &#8211; Endangered Landscapes &amp; Seascapes Programme<\/h2>\n<p>Der UNESCO F\u00fcnf-L\u00e4nder-Biosph\u00e4renpark Mur-Drau-Donau (TBR MDD) ist die erste gesch\u00fctzte Flusslandschaft dieser Art, die sich \u00fcber f\u00fcnf L\u00e4nder erstreckt. Dieses Projekt tr\u00e4gt zur Entwicklung des TBR MDD bei, indem es mit den lokalen Gemeinden zusammenarbeitet und eine Restoration Task Force (RTF) einrichtet, die \u00fcber die Renaturierung von vier wichtigen Lebensr\u00e4umen (1.100 ha) begleitet, die weitere Renaturierungen katalysiert und den \u00dcbergang zu einer naturbasierten Wirtschaft erleichtert. Das Projekt wird einen interdisziplin\u00e4ren Dialog initiieren, Kapazit\u00e4ten aufbauen und sich f\u00fcr die Replikation und Ausweitung der Renaturierung in der Landschaft einsetzen, w\u00e4hrend der Biosph\u00e4renpark als beispielhaftes Modell f\u00fcr naturbasierte L\u00f6sungen (NbS) weltweit gef\u00f6rdert wird. Die RTF wird den neuen Lenkungsausschuss des TBR MDD dabei unterst\u00fctzen, die Landschaft nachhaltig zu verwalten und sich auf Renaturierung und NbS zu konzentrieren. Das Pionierprojekt wird die Zusammenarbeit mit dem Landwirtschaftssektor aufbauen, um die zuk\u00fcnftige Renaturierung von Feuchtgebieten zu erm\u00f6glichen, die hydromorphologischen Bedingungen zu verbessern und die Vorteile einer naturnahen Waldbewirtschaftung zu demonstrieren, indem nicht heimische W\u00e4lder durch klimaresistente heimische W\u00e4lder ersetzt werden.<\/p>\n<p>[\/et_pb_text][\/et_pb_column][\/et_pb_row][\/et_pb_section][et_pb_section fb_built=&#8220;1&#8243; _builder_version=&#8220;4.27.0&#8243; _module_preset=&#8220;default&#8220; background_color=&#8220;#A5BE8A&#8220; custom_margin=&#8220;0px||0px||false|false&#8220; custom_padding=&#8220;25px||25px||false|false&#8220; top_divider_color=&#8220;#7DAAAF&#8220; top_divider_height=&#8220;18px&#8220; top_divider_repeat=&#8220;25x&#8220; top_divider_height_tablet=&#8220;16px&#8220; top_divider_height_phone=&#8220;10px&#8220; top_divider_height_last_edited=&#8220;on|desktop&#8220; top_divider_repeat_tablet=&#8220;16x&#8220; top_divider_repeat_phone=&#8220;10x&#8220; top_divider_repeat_last_edited=&#8220;on|phone&#8220; bottom_divider_color=&#8220;#7DAAAF&#8220; bottom_divider_height=&#8220;25px&#8220; bottom_divider_repeat=&#8220;25x&#8220; bottom_divider_height_tablet=&#8220;16px&#8220; bottom_divider_height_phone=&#8220;10px&#8220; bottom_divider_height_last_edited=&#8220;on|phone&#8220; bottom_divider_repeat_tablet=&#8220;16x&#8220; bottom_divider_repeat_phone=&#8220;10x&#8220; bottom_divider_repeat_last_edited=&#8220;on|phone&#8220; border_color_top=&#8220;#d8e5e7&#8243; border_color_bottom=&#8220;#A5BE8A&#8220; locked=&#8220;off&#8220; global_colors_info=&#8220;{}&#8220;][et_pb_row column_structure=&#8220;1_3,1_3,1_3&#8243; use_custom_gutter=&#8220;on&#8220; gutter_width=&#8220;2&#8243; module_class=&#8220;project-counter&#8220; _builder_version=&#8220;4.27.0&#8243; _module_preset=&#8220;default&#8220; width=&#8220;65%&#8220; max_width=&#8220;900px&#8220; custom_margin=&#8220;0px||0px||false|false&#8220; custom_padding=&#8220;0px||0px||false|false&#8220; global_colors_info=&#8220;{}&#8220;][et_pb_column type=&#8220;1_3&#8243; _builder_version=&#8220;4.25.1&#8243; _module_preset=&#8220;default&#8220; global_colors_info=&#8220;{}&#8220;][et_pb_text _builder_version=&#8220;4.27.0&#8243; _module_preset=&#8220;default&#8220; text_text_color=&#8220;#FFFFFF&#8220; text_font_size=&#8220;16px&#8220; text_line_height=&#8220;22px&#8220; header_2_text_align=&#8220;center&#8220; header_2_text_color=&#8220;#FFFFFF&#8220; header_2_font_size=&#8220;35px&#8220; text_orientation=&#8220;center&#8220; custom_padding=&#8220;20px||||false|false&#8220; global_colors_info=&#8220;{}&#8220;]<\/p>\n<h2>Lebensr\u00e4ume im Fokus<\/h2>\n<p>Feuchtgebiete<br \/>Fl\u00fcsse und Auw\u00e4lder<\/p>\n<p>[\/et_pb_text][\/et_pb_column][et_pb_column type=&#8220;1_3&#8243; _builder_version=&#8220;4.27.0&#8243; _module_preset=&#8220;default&#8220; border_width_right=&#8220;2px&#8220; border_color_right=&#8220;#FFFFFF&#8220; border_width_left=&#8220;2px&#8220; border_color_left=&#8220;#FFFFFF&#8220; border_width_right_tablet=&#8220;0px&#8220; border_width_right_phone=&#8220;0px&#8220; border_width_right_last_edited=&#8220;on|tablet&#8220; border_width_left_tablet=&#8220;0px&#8220; border_width_left_phone=&#8220;0px&#8220; border_width_left_last_edited=&#8220;on|tablet&#8220; global_colors_info=&#8220;{}&#8220;][et_pb_text _builder_version=&#8220;4.27.0&#8243; _module_preset=&#8220;default&#8220; text_text_color=&#8220;#FFFFFF&#8220; text_font_size=&#8220;16px&#8220; text_line_height=&#8220;22px&#8220; header_2_text_align=&#8220;center&#8220; header_2_text_color=&#8220;#FFFFFF&#8220; header_2_font_size=&#8220;35px&#8220; text_orientation=&#8220;center&#8220; custom_margin_tablet=&#8220;&#8220; custom_margin_phone=&#8220;&#8220; custom_margin_last_edited=&#8220;on|desktop&#8220; custom_padding=&#8220;20px|10px|20px|10px|false|false&#8220; border_color_top=&#8220;#FFFFFF&#8220; border_color_bottom=&#8220;#FFFFFF&#8220; border_width_top_tablet=&#8220;&#8220; border_width_top_phone=&#8220;2px&#8220; border_width_top_last_edited=&#8220;on|phone&#8220; border_width_bottom_tablet=&#8220;&#8220; border_width_bottom_phone=&#8220;2px&#8220; border_width_bottom_last_edited=&#8220;on|phone&#8220; global_colors_info=&#8220;{}&#8220;]<\/p>\n<h2>Arten im Fokus<\/h2>\n<p>Schwarzstorch, Seeadler, Silberreiher, Eisvogel, Uferschwalbe, Donau-Kammmolch, Europ\u00e4ischer Hundsfisch, Fischotter, Europ\u00e4ischer Biber, Gro\u00dfer Brachvogel, \u00d6stlicher Schlammpeitzger, S\u00fcdlicher Feston.<\/p>\n<p>[\/et_pb_text][\/et_pb_column][et_pb_column type=&#8220;1_3&#8243; _builder_version=&#8220;4.25.1&#8243; _module_preset=&#8220;default&#8220; global_colors_info=&#8220;{}&#8220;][et_pb_text _builder_version=&#8220;4.27.0&#8243; _module_preset=&#8220;default&#8220; text_text_color=&#8220;#FFFFFF&#8220; text_font_size=&#8220;16px&#8220; text_line_height=&#8220;22px&#8220; header_2_text_align=&#8220;center&#8220; header_2_text_color=&#8220;#FFFFFF&#8220; header_2_font_size=&#8220;35px&#8220; text_orientation=&#8220;center&#8220; module_alignment=&#8220;left&#8220; custom_padding=&#8220;20px||||false|false&#8220; global_colors_info=&#8220;{}&#8220;]<\/p>\n<h2>Zeitrahmen des Projekts<\/h2>\n<p>Starttermin: 01\/12\/2022<br \/>Enddatum: 30\/09\/2027<\/p>\n<p>[\/et_pb_text][\/et_pb_column][\/et_pb_row][\/et_pb_section][et_pb_section fb_built=&#8220;1&#8243; _builder_version=&#8220;4.27.0&#8243; _module_preset=&#8220;default&#8220; custom_margin=&#8220;0px||0px||false|false&#8220; custom_padding=&#8220;0px||0px||false|false&#8220; global_colors_info=&#8220;{}&#8220;][et_pb_row module_id=&#8220;measures&#8220; _builder_version=&#8220;4.27.0&#8243; _module_preset=&#8220;default&#8220; width=&#8220;65%&#8220; width_tablet=&#8220;80%&#8220; width_phone=&#8220;80%&#8220; width_last_edited=&#8220;on|tablet&#8220; max_width=&#8220;900px&#8220; custom_margin=&#8220;25px||0px||false|false&#8220; custom_padding=&#8220;6px||0px||false|false&#8220; locked=&#8220;off&#8220; global_colors_info=&#8220;{}&#8220;][et_pb_column type=&#8220;4_4&#8243; _builder_version=&#8220;4.27.0&#8243; _module_preset=&#8220;default&#8220; global_colors_info=&#8220;{}&#8220;][et_pb_text _builder_version=&#8220;4.27.0&#8243; _module_preset=&#8220;default&#8220; header_2_text_color=&#8220;#7DAAAF&#8220; header_2_font_size=&#8220;35px&#8220; custom_margin=&#8220;||0px||false|false&#8220; custom_padding=&#8220;||0px||false|false&#8220; global_colors_info=&#8220;{}&#8220;]<\/p>\n<h2>Projektpartner:innen<\/h2>\n<p>[\/et_pb_text][dmpro_carousel columns=&#8220;3&#8243; space_between=&#8220;10&#8243; loop=&#8220;on&#8220; autoplay=&#8220;on&#8220; navigation=&#8220;on&#8220; navigation_prev_icon_yn=&#8220;on&#8220; navigation_prev_icon=&#8220;&#x23;||divi||400&#8243; navigation_next_icon_yn=&#8220;on&#8220; navigation_next_icon=&#8220;&#x24;||divi||400&#8243; navigation_color=&#8220;#FFFFFF&#8220; navigation_bg_color=&#8220;#7DAAAF&#8220; navigation_circle=&#8220;on&#8220; _builder_version=&#8220;4.27.0&#8243; _module_preset=&#8220;default&#8220; custom_margin=&#8220;||||false|false&#8220; custom_padding=&#8220;||||false|false&#8220; border_width_all_item=&#8220;1px&#8220; border_color_all_item=&#8220;#7DAAAF&#8220; global_colors_info=&#8220;{}&#8220;][dmpro_carousel_child title=&#8220;hrvatske vode&#8220; img_src=&#8220;https:\/\/www.amazon-of-europe.com\/wp-content\/uploads\/2024\/09\/vode_1.jpg&#8220; _builder_version=&#8220;4.27.0&#8243; _module_preset=&#8220;default&#8220; custom_padding=&#8220;|10px||10px|false|false&#8220; link_option_url=&#8220;https:\/\/voda.hr\/en&#8220; link_option_url_new_window=&#8220;on&#8220; global_colors_info=&#8220;{}&#8220;][\/dmpro_carousel_child][dmpro_carousel_child title=&#8220;wwf&#8220; img_src=&#8220;https:\/\/www.amazon-of-europe.com\/wp-content\/uploads\/2024\/10\/wwf-austria.jpg&#8220; _builder_version=&#8220;4.27.0&#8243; _module_preset=&#8220;default&#8220; link_option_url=&#8220;https:\/\/www.wwf.at\/&#8220; link_option_url_new_window=&#8220;on&#8220; global_colors_info=&#8220;{}&#8220;][\/dmpro_carousel_child][dmpro_carousel_child title=&#8220;zavod&#8220; img_src=&#8220;https:\/\/www.amazon-of-europe.com\/wp-content\/uploads\/2024\/09\/Institut_1.jpg&#8220; _builder_version=&#8220;4.27.0&#8243; _module_preset=&#8220;default&#8220; custom_padding=&#8220;|10px||10px|false|false&#8220; link_option_url=&#8220;https:\/\/zrsvn-varstvonarave.si\/&#8220; link_option_url_new_window=&#8220;on&#8220; global_colors_info=&#8220;{}&#8220;][\/dmpro_carousel_child][dmpro_carousel_child title=&#8220;kopacki&#8220; img_src=&#8220;https:\/\/www.amazon-of-europe.com\/wp-content\/uploads\/2024\/10\/kopacki.jpg&#8220; _builder_version=&#8220;4.27.0&#8243; _module_preset=&#8220;default&#8220; custom_padding=&#8220;|10px||10px|false|false&#8220; link_option_url=&#8220;https:\/\/pp-kopacki-rit.hr\/?lang=en&#8220; link_option_url_new_window=&#8220;on&#8220; global_colors_info=&#8220;{}&#8220;][\/dmpro_carousel_child][dmpro_carousel_child title=&#8220;wwf&#8220; img_src=&#8220;https:\/\/www.amazon-of-europe.com\/wp-content\/uploads\/2024\/10\/wwf-adria.jpg&#8220; _builder_version=&#8220;4.27.0&#8243; _module_preset=&#8220;default&#8220; link_option_url=&#8220;https:\/\/www.wwfadria.org\/&#8220; link_option_url_new_window=&#8220;on&#8220; global_colors_info=&#8220;{}&#8220;][\/dmpro_carousel_child][dmpro_carousel_child title=&#8220;vojvod&#8220; img_src=&#8220;https:\/\/www.amazon-of-europe.com\/wp-content\/uploads\/2024\/09\/Vojvo_11.jpg&#8220; _builder_version=&#8220;4.27.0&#8243; _module_preset=&#8220;default&#8220; custom_padding=&#8220;|10px||10px|false|false&#8220; link_option_url=&#8220;https:\/\/www.vojvodinasume.rs\/en\/&#8220; link_option_url_new_window=&#8220;on&#8220; global_colors_info=&#8220;{}&#8220;][\/dmpro_carousel_child][dmpro_carousel_child title=&#8220;wwf-hu&#8220; img_src=&#8220;https:\/\/www.amazon-of-europe.com\/wp-content\/uploads\/2024\/10\/wwf-hungary.jpg&#8220; _builder_version=&#8220;4.27.0&#8243; _module_preset=&#8220;default&#8220; link_option_url=&#8220;https:\/\/wwf.hu\/en\/home\/&#8220; link_option_url_new_window=&#8220;on&#8220; global_colors_info=&#8220;{}&#8220;][\/dmpro_carousel_child][\/dmpro_carousel][et_pb_text _builder_version=&#8220;4.27.0&#8243; _module_preset=&#8220;default&#8220; header_2_text_color=&#8220;#7DAAAF&#8220; custom_margin=&#8220;20px||||false|false&#8220; custom_padding=&#8220;||40px||false|false&#8220; global_colors_info=&#8220;{}&#8220;]<\/p>\n<p><em>Projektleitung:<\/em> WWF-Adria &#8211; Verein zum Schutz der Natur und Erhaltung der Biodiversit\u00e4t<\/p>\n<p><em>Projektpartner:innen:<\/em><\/p>\n<ul>\n<li>WWF-Adria-Serbien<\/li>\n<li>Kopa\u010dki Rit Naturpark (KRNP, CRO)<\/li>\n<li>Slowenische Wasseragentur (HV, CRO)<\/li>\n<li>\u00d6ffentliches Unternehmen \u201eVojvodina\u0161ume\u201c Petrovaradin (VSUME, RS)<\/li>\n<li>Naturschutzinstitut der Republik Slowenien (IRSNC, SI)<\/li>\n<li>WWF \u00d6sterreich (WWF-AT, AT)<\/li>\n<li>WWF Ungarn (WWF-HU, HU)<\/li>\n<\/ul>\n<p>\u00a0Weitere Informationen finden Sie auf der Website des Endangered Landscapes &amp; Seascapes Programme.<\/p>\n<p>[\/et_pb_text][\/et_pb_column][\/et_pb_row][\/et_pb_section]<\/p>\n","protected":false},"excerpt":{"rendered":"<p>Restoring the amazon of EuropeRestoring the Amazon of Europe &#8211; Endangered Landscapes &amp; Seascapes Programme Der UNESCO F\u00fcnf-L\u00e4nder-Biosph\u00e4renpark Mur-Drau-Donau (TBR MDD) ist die erste gesch\u00fctzte Flusslandschaft dieser Art, die sich \u00fcber f\u00fcnf L\u00e4nder erstreckt. Dieses Projekt tr\u00e4gt zur Entwicklung des TBR MDD bei, indem es mit den lokalen Gemeinden zusammenarbeitet und eine Restoration Task Force [&hellip;]<\/p>\n","protected":false},"author":3,"featured_media":0,"parent":3884,"menu_order":0,"comment_status":"closed","ping_status":"closed","template":"","meta":{"_et_pb_use_builder":"on","_et_pb_old_content":"","_et_gb_content_width":"","footnotes":""},"class_list":["post-3887","page","type-page","status-publish","hentry"],"yoast_head":"<!-- This site is optimized with the Yoast SEO plugin v24.2 - https:\/\/yoast.com\/wordpress\/plugins\/seo\/ -->\n<title>Restoring the Amazon of Europe - Amazon of Europe<\/title>\n<meta name=\"robots\" content=\"index, follow, max-snippet:-1, max-image-preview:large, max-video-preview:-1\" \/>\n<link rel=\"canonical\" href=\"https:\/\/www.amazon-of-europe.com\/de\/projekte\/elsp\/\" \/>\n<meta property=\"og:locale\" content=\"de_DE\" \/>\n<meta property=\"og:type\" content=\"article\" \/>\n<meta property=\"og:title\" content=\"Restoring the Amazon of Europe - Amazon of Europe\" \/>\n<meta property=\"og:description\" content=\"Restoring the amazon of EuropeRestoring the Amazon of Europe - Endangered Landscapes &amp; Seascapes Programme Der UNESCO F\u00fcnf-L\u00e4nder-Biosph\u00e4renpark Mur-Drau-Donau (TBR MDD) ist die erste gesch\u00fctzte Flusslandschaft dieser Art, die sich \u00fcber f\u00fcnf L\u00e4nder erstreckt. Dieses Projekt tr\u00e4gt zur Entwicklung des TBR MDD bei, indem es mit den lokalen Gemeinden zusammenarbeitet und eine Restoration Task Force [&hellip;]\" \/>\n<meta property=\"og:url\" content=\"https:\/\/www.amazon-of-europe.com\/de\/projekte\/elsp\/\" \/>\n<meta property=\"og:site_name\" content=\"Amazon of Europe\" \/>\n<meta property=\"article:publisher\" content=\"https:\/\/www.facebook.com\/AmazonOfEurope\" \/>\n<meta property=\"article:modified_time\" content=\"2025-02-05T09:46:49+00:00\" \/>\n<meta name=\"twitter:card\" content=\"summary_large_image\" \/>\n<meta name=\"twitter:label1\" content=\"Gesch\u00e4tzte Lesezeit\" \/>\n\t<meta name=\"twitter:data1\" content=\"3\u00a0Minuten\" \/>\n<script type=\"application\/ld+json\" class=\"yoast-schema-graph\">{\"@context\":\"https:\/\/schema.org\",\"@graph\":[{\"@type\":\"WebPage\",\"@id\":\"https:\/\/www.amazon-of-europe.com\/de\/projekte\/elsp\/\",\"url\":\"https:\/\/www.amazon-of-europe.com\/de\/projekte\/elsp\/\",\"name\":\"Restoring the Amazon of Europe - Amazon of Europe\",\"isPartOf\":{\"@id\":\"https:\/\/www.amazon-of-europe.com\/#website\"},\"datePublished\":\"2024-09-01T10:12:54+00:00\",\"dateModified\":\"2025-02-05T09:46:49+00:00\",\"breadcrumb\":{\"@id\":\"https:\/\/www.amazon-of-europe.com\/de\/projekte\/elsp\/#breadcrumb\"},\"inLanguage\":\"de\",\"potentialAction\":[{\"@type\":\"ReadAction\",\"target\":[\"https:\/\/www.amazon-of-europe.com\/de\/projekte\/elsp\/\"]}]},{\"@type\":\"BreadcrumbList\",\"@id\":\"https:\/\/www.amazon-of-europe.com\/de\/projekte\/elsp\/#breadcrumb\",\"itemListElement\":[{\"@type\":\"ListItem\",\"position\":1,\"name\":\"Home\",\"item\":\"https:\/\/www.amazon-of-europe.com\/\"},{\"@type\":\"ListItem\",\"position\":2,\"name\":\"Projekte\",\"item\":\"https:\/\/www.amazon-of-europe.com\/de\/projekte\/\"},{\"@type\":\"ListItem\",\"position\":3,\"name\":\"Restoring the Amazon of Europe\"}]},{\"@type\":\"WebSite\",\"@id\":\"https:\/\/www.amazon-of-europe.com\/#website\",\"url\":\"https:\/\/www.amazon-of-europe.com\/\",\"name\":\"Amazon of Europe\",\"description\":\"WWF Austria\",\"publisher\":{\"@id\":\"https:\/\/www.amazon-of-europe.com\/#organization\"},\"potentialAction\":[{\"@type\":\"SearchAction\",\"target\":{\"@type\":\"EntryPoint\",\"urlTemplate\":\"https:\/\/www.amazon-of-europe.com\/?s={search_term_string}\"},\"query-input\":{\"@type\":\"PropertyValueSpecification\",\"valueRequired\":true,\"valueName\":\"search_term_string\"}}],\"inLanguage\":\"de\"},{\"@type\":\"Organization\",\"@id\":\"https:\/\/www.amazon-of-europe.com\/#organization\",\"name\":\"Amazon of Europe\",\"url\":\"https:\/\/www.amazon-of-europe.com\/\",\"logo\":{\"@type\":\"ImageObject\",\"inLanguage\":\"de\",\"@id\":\"https:\/\/www.amazon-of-europe.com\/#\/schema\/logo\/image\/\",\"url\":\"https:\/\/www.amazon-of-europe.com\/wp-content\/uploads\/2024\/09\/AOE_Logo.jpg\",\"contentUrl\":\"https:\/\/www.amazon-of-europe.com\/wp-content\/uploads\/2024\/09\/AOE_Logo.jpg\",\"width\":900,\"height\":384,\"caption\":\"Amazon of Europe\"},\"image\":{\"@id\":\"https:\/\/www.amazon-of-europe.com\/#\/schema\/logo\/image\/\"},\"sameAs\":[\"https:\/\/www.facebook.com\/AmazonOfEurope\"]}]}<\/script>\n<!-- \/ Yoast SEO plugin. -->","yoast_head_json":{"title":"Restoring the Amazon of Europe - Amazon of Europe","robots":{"index":"index","follow":"follow","max-snippet":"max-snippet:-1","max-image-preview":"max-image-preview:large","max-video-preview":"max-video-preview:-1"},"canonical":"https:\/\/www.amazon-of-europe.com\/de\/projekte\/elsp\/","og_locale":"de_DE","og_type":"article","og_title":"Restoring the Amazon of Europe - Amazon of Europe","og_description":"Restoring the amazon of EuropeRestoring the Amazon of Europe - Endangered Landscapes &amp; Seascapes Programme Der UNESCO F\u00fcnf-L\u00e4nder-Biosph\u00e4renpark Mur-Drau-Donau (TBR MDD) ist die erste gesch\u00fctzte Flusslandschaft dieser Art, die sich \u00fcber f\u00fcnf L\u00e4nder erstreckt. Dieses Projekt tr\u00e4gt zur Entwicklung des TBR MDD bei, indem es mit den lokalen Gemeinden zusammenarbeitet und eine Restoration Task Force [&hellip;]","og_url":"https:\/\/www.amazon-of-europe.com\/de\/projekte\/elsp\/","og_site_name":"Amazon of Europe","article_publisher":"https:\/\/www.facebook.com\/AmazonOfEurope","article_modified_time":"2025-02-05T09:46:49+00:00","twitter_card":"summary_large_image","twitter_misc":{"Gesch\u00e4tzte Lesezeit":"3\u00a0Minuten"},"schema":{"@context":"https:\/\/schema.org","@graph":[{"@type":"WebPage","@id":"https:\/\/www.amazon-of-europe.com\/de\/projekte\/elsp\/","url":"https:\/\/www.amazon-of-europe.com\/de\/projekte\/elsp\/","name":"Restoring the Amazon of Europe - Amazon of Europe","isPartOf":{"@id":"https:\/\/www.amazon-of-europe.com\/#website"},"datePublished":"2024-09-01T10:12:54+00:00","dateModified":"2025-02-05T09:46:49+00:00","breadcrumb":{"@id":"https:\/\/www.amazon-of-europe.com\/de\/projekte\/elsp\/#breadcrumb"},"inLanguage":"de","potentialAction":[{"@type":"ReadAction","target":["https:\/\/www.amazon-of-europe.com\/de\/projekte\/elsp\/"]}]},{"@type":"BreadcrumbList","@id":"https:\/\/www.amazon-of-europe.com\/de\/projekte\/elsp\/#breadcrumb","itemListElement":[{"@type":"ListItem","position":1,"name":"Home","item":"https:\/\/www.amazon-of-europe.com\/"},{"@type":"ListItem","position":2,"name":"Projekte","item":"https:\/\/www.amazon-of-europe.com\/de\/projekte\/"},{"@type":"ListItem","position":3,"name":"Restoring the Amazon of Europe"}]},{"@type":"WebSite","@id":"https:\/\/www.amazon-of-europe.com\/#website","url":"https:\/\/www.amazon-of-europe.com\/","name":"Amazon of Europe","description":"WWF Austria","publisher":{"@id":"https:\/\/www.amazon-of-europe.com\/#organization"},"potentialAction":[{"@type":"SearchAction","target":{"@type":"EntryPoint","urlTemplate":"https:\/\/www.amazon-of-europe.com\/?s={search_term_string}"},"query-input":{"@type":"PropertyValueSpecification","valueRequired":true,"valueName":"search_term_string"}}],"inLanguage":"de"},{"@type":"Organization","@id":"https:\/\/www.amazon-of-europe.com\/#organization","name":"Amazon of Europe","url":"https:\/\/www.amazon-of-europe.com\/","logo":{"@type":"ImageObject","inLanguage":"de","@id":"https:\/\/www.amazon-of-europe.com\/#\/schema\/logo\/image\/","url":"https:\/\/www.amazon-of-europe.com\/wp-content\/uploads\/2024\/09\/AOE_Logo.jpg","contentUrl":"https:\/\/www.amazon-of-europe.com\/wp-content\/uploads\/2024\/09\/AOE_Logo.jpg","width":900,"height":384,"caption":"Amazon of Europe"},"image":{"@id":"https:\/\/www.amazon-of-europe.com\/#\/schema\/logo\/image\/"},"sameAs":["https:\/\/www.facebook.com\/AmazonOfEurope"]}]}},"_links":{"self":[{"href":"https:\/\/www.amazon-of-europe.com\/de\/wp-json\/wp\/v2\/pages\/3887","targetHints":{"allow":["GET"]}}],"collection":[{"href":"https:\/\/www.amazon-of-europe.com\/de\/wp-json\/wp\/v2\/pages"}],"about":[{"href":"https:\/\/www.amazon-of-europe.com\/de\/wp-json\/wp\/v2\/types\/page"}],"author":[{"embeddable":true,"href":"https:\/\/www.amazon-of-europe.com\/de\/wp-json\/wp\/v2\/users\/3"}],"replies":[{"embeddable":true,"href":"https:\/\/www.amazon-of-europe.com\/de\/wp-json\/wp\/v2\/comments?post=3887"}],"version-history":[{"count":3,"href":"https:\/\/www.amazon-of-europe.com\/de\/wp-json\/wp\/v2\/pages\/3887\/revisions"}],"predecessor-version":[{"id":5391,"href":"https:\/\/www.amazon-of-europe.com\/de\/wp-json\/wp\/v2\/pages\/3887\/revisions\/5391"}],"up":[{"embeddable":true,"href":"https:\/\/www.amazon-of-europe.com\/de\/wp-json\/wp\/v2\/pages\/3884"}],"wp:attachment":[{"href":"https:\/\/www.amazon-of-europe.com\/de\/wp-json\/wp\/v2\/media?parent=3887"}],"curies":[{"name":"wp","href":"https:\/\/api.w.org\/{rel}","templated":true}]}}