{"id":4535,"date":"2024-08-31T13:43:44","date_gmt":"2024-08-31T13:43:44","guid":{"rendered":"https:\/\/www.amazon-of-europe.com\/five-countries-biosphere-reserve\/restoration\/"},"modified":"2025-05-14T12:41:56","modified_gmt":"2025-05-14T12:41:56","slug":"obnova","status":"publish","type":"page","link":"https:\/\/www.amazon-of-europe.com\/hr\/rezervat-biosfere\/obnova\/","title":{"rendered":"Obnova"},"content":{"rendered":"<p>[et_pb_section fb_built=&#8221;1&#8243; _builder_version=&#8221;4.27.0&#8243; _module_preset=&#8221;default&#8221; background_color=&#8221;#A5BE8A&#8221; custom_margin=&#8221;0px||0px||false|false&#8221; custom_padding=&#8221;25px||10px||false|false&#8221; top_divider_color=&#8221;#7DAAAF&#8221; top_divider_height=&#8221;18px&#8221; top_divider_repeat=&#8221;25x&#8221; top_divider_height_tablet=&#8221;16px&#8221; top_divider_height_phone=&#8221;10px&#8221; top_divider_height_last_edited=&#8221;on|desktop&#8221; top_divider_repeat_tablet=&#8221;16x&#8221; top_divider_repeat_phone=&#8221;10x&#8221; top_divider_repeat_last_edited=&#8221;on|phone&#8221; bottom_divider_color=&#8221;#7DAAAF&#8221; bottom_divider_height=&#8221;25px&#8221; bottom_divider_repeat=&#8221;25x&#8221; bottom_divider_height_tablet=&#8221;16px&#8221; bottom_divider_height_phone=&#8221;10px&#8221; bottom_divider_height_last_edited=&#8221;on|phone&#8221; bottom_divider_repeat_tablet=&#8221;16x&#8221; bottom_divider_repeat_phone=&#8221;10x&#8221; bottom_divider_repeat_last_edited=&#8221;on|phone&#8221; border_color_top=&#8221;#d8e5e7&#8243; border_color_bottom=&#8221;#A5BE8A&#8221; locked=&#8221;off&#8221; global_colors_info=&#8221;{}&#8221;][et_pb_row _builder_version=&#8221;4.27.0&#8243; _module_preset=&#8221;default&#8221; width=&#8221;65%&#8221; width_tablet=&#8221;80%&#8221; width_phone=&#8221;80%&#8221; width_last_edited=&#8221;on|tablet&#8221; max_width=&#8221;900px&#8221; custom_margin=&#8221;0px||0px||false|false&#8221; custom_padding=&#8221;0px||0px||false|false&#8221; global_colors_info=&#8221;{}&#8221;][et_pb_column type=&#8221;4_4&#8243; _builder_version=&#8221;4.27.0&#8243; _module_preset=&#8221;default&#8221; global_colors_info=&#8221;{}&#8221;][et_pb_text _builder_version=&#8221;4.27.0&#8243; _module_preset=&#8221;default&#8221; header_text_color=&#8221;#FFFFFF&#8221; header_font_size=&#8221;45px&#8221; custom_margin=&#8221;0px||0px||false|false&#8221; custom_padding=&#8221;0px||0px||false|false&#8221; global_colors_info=&#8221;{}&#8221;]<\/p>\n<h1>OBNOVA<\/h1>\n<p>[\/et_pb_text][\/et_pb_column][\/et_pb_row][\/et_pb_section][et_pb_section fb_built=&#8221;1&#8243; _builder_version=&#8221;4.27.0&#8243; _module_preset=&#8221;default&#8221; custom_margin=&#8221;0px||0px||false|false&#8221; custom_padding=&#8221;0px||0px||false|false&#8221; global_colors_info=&#8221;{}&#8221;][et_pb_row _builder_version=&#8221;4.27.0&#8243; _module_preset=&#8221;default&#8221; width=&#8221;65%&#8221; width_tablet=&#8221;80%&#8221; width_phone=&#8221;80%&#8221; width_last_edited=&#8221;on|tablet&#8221; max_width=&#8221;900px&#8221; custom_margin=&#8221;0px||||false|false&#8221; custom_padding=&#8221;15px||0px||false|false&#8221; global_colors_info=&#8221;{}&#8221;][et_pb_column type=&#8221;4_4&#8243; _builder_version=&#8221;4.25.2&#8243; _module_preset=&#8221;default&#8221; global_colors_info=&#8221;{}&#8221;][et_pb_text _builder_version=&#8221;4.27.0&#8243; _module_preset=&#8221;default&#8221; text_font_size=&#8221;16px&#8221; text_line_height=&#8221;22px&#8221; header_2_text_color=&#8221;#7DAAAF&#8221; header_2_font_size=&#8221;35px&#8221; global_colors_info=&#8221;{}&#8221;]<\/p>\n<p><span>Bogata mre\u017ea partnera i podupiratelja unutar UNESCO-ovog petdr\u017eavnog Rezervata biosfere Mura-Drava-Dunav (TBR MDD) aktivno obnavlja podru\u010dja u lo\u0161eg ekolo\u0161kog i biolo\u0161kog stanja kroz provedbu razli\u010ditih integriranih projekata obnove na cijelom podru\u010dju. Ovi napori imaju za cilj obnovu prirodne dinamike rijeka i njihovih poplavnih podru\u010dja, pobolj\u0161anje bioraznolikosti i usluga ekosustava.<\/span><\/p>\n<p><span>Klju\u010dne mjere obnove uklju\u010duju:<\/span><\/p>\n<ul>\n<li><strong><span>Obnavljanje rije\u010dnih dionica u lo\u0161em stanju<\/span><\/strong><span>: U tijeku su projekti za obnovu rije\u010dnih dionica pogo\u0111enih nekada\u0161njim kanaliziranjem i drugim \u0161tetnim postupcima ponovnim povezivanjem rukavaca i mrtvica te pro\u0161irenjem rije\u010dnih korita.<\/span><\/li>\n<li><strong><span>Obnova poplavnog podru\u010dja<\/span><\/strong><span>: Ula\u017eu se napori da se rijeke ponovno pove\u017eu s njihovim poplavnim podru\u010djima, obnavljaju\u0107i prirodne cikluse poplava i stani\u0161ta uklanjanjem stranih invazivnih vrsta i pretvaranjem nasada topola u prirodnije i otpornije poplavne \u0161ume. <\/span><\/li>\n<li><strong><span>Podizanje svijesti i edukacija: <\/span><\/strong><span>Svi napori za o\u010duvanje prirode nadopunjuju se opse\u017enim inicijativama za podizanje svijesti javnosti i obrazovanje u podru\u010dju za\u0161tite prirode i okoli\u0161a kako bi se ljudi informirali o vitalnoj va\u017enosti rijeka i hitnoj potrebi njihove za\u0161tite. Anga\u017eiranjem javnosti, cilj nam je oblikovati i percepcije zajednice i politi\u010dke odluke, poti\u010du\u0107i kolektivnu predanost o\u010duvanju rijeka.<\/span><\/li>\n<li><strong><span>Odr\u017eive gospodarske aktivnosti: <\/span><\/strong><span>Promi\u010du se odr\u017eive gospodarske aktivnosti u regiji, poput ekoturizma i organske poljoprivrede. Cilj je stvoriti skladnu ravnote\u017eu izme\u0111u o\u010duvanja prirode i ljudskih aktivnosti, osiguravaju\u0107i dugoro\u010dno zdravlje ekosustava uz podr\u0161ku lokalnim zajednicama.<\/span><\/li>\n<\/ul>\n<p><span>Kroz ove opse\u017ene napore obnove, WWF i partneri rade na svojoj viziji &#8216;\u017dive rijeke za prirodu i ljude&#8217;, koja ima za cilj obnoviti krajolik dinami\u010dnih rijeka s raznolikim stani\u0161tima i bogatim svijetom divljih \u017eivotinja, a sve u skladu s odr\u017eivim ljudskim aktivnostima.<\/span><\/p>\n<p>[\/et_pb_text][\/et_pb_column][\/et_pb_row][et_pb_row column_structure=&#8221;1_2,1_2&#8243; use_custom_gutter=&#8221;on&#8221; gutter_width=&#8221;2&#8243; _builder_version=&#8221;4.27.0&#8243; _module_preset=&#8221;default&#8221; width=&#8221;65%&#8221; width_tablet=&#8221;80%&#8221; width_phone=&#8221;80%&#8221; width_last_edited=&#8221;on|tablet&#8221; max_width=&#8221;900px&#8221; custom_margin=&#8221;25px||||false|false&#8221; custom_padding=&#8221;0px||||false|false&#8221; global_colors_info=&#8221;{}&#8221;][et_pb_column type=&#8221;1_2&#8243; _builder_version=&#8221;4.25.2&#8243; _module_preset=&#8221;default&#8221; global_colors_info=&#8221;{}&#8221;][et_pb_text _builder_version=&#8221;4.27.0&#8243; _module_preset=&#8221;default&#8221; text_font_size=&#8221;16px&#8221; text_line_height=&#8221;22px&#8221; header_2_text_color=&#8221;#7DAAAF&#8221; global_colors_info=&#8221;{}&#8221;]<\/p>\n<p><span>Ako \u017eelite pobli\u017ee pogledati potencijal obnove unutar TBR MDD-a, pozivamo vas da istra\u017eite na\u0161u sveobuhvatnu studiju \u201eProcjena potencijala obnove rijeka i poplavnog podru\u010dja u TBR MDD-u\u201d. Ova dubinska analiza pokriva 725 km rijeka i okolnih poplavnih podru\u010dja i identificira zna\u010dajne prilike za pobolj\u0161anje ekolo\u0161kog stanja. Istra\u017eivanje identificira 74 prioritetna podru\u010dja za obnovu, koja se sastoje od preko 165.000 hektara biv\u0161ih poplavnih podru\u010dja koja bi se mogla ponovno povezati s rijekama i 652 km rije\u010dnih obala koje bi se mogle vratiti u prirodnije uvjete.<\/span><\/p>\n<p>Za jednostavniji pregled kako se ove mogu\u0107nosti ostvaruju, pogledajte na\u0161e teku\u0107e projekte obnove unutar TBR MDD-a.<\/p>\n<p>[\/et_pb_text][\/et_pb_column][et_pb_column type=&#8221;1_2&#8243; _builder_version=&#8221;4.27.0&#8243; _module_preset=&#8221;default&#8221; background_color=&#8221;#7DAAAF&#8221; custom_padding=&#8221;40px|40px|40px|40px|false|false&#8221; global_colors_info=&#8221;{}&#8221;][et_pb_blurb title=&#8221;Preuzimanja &#8221; use_icon=&#8221;on&#8221; font_icon=&#8221;&#xf019;||fa||900&#8243; icon_color=&#8221;#FFFFFF&#8221; icon_placement=&#8221;left&#8221; image_icon_width=&#8221;25px&#8221; content_max_width=&#8221;505px&#8221; _builder_version=&#8221;4.27.0&#8243; _module_preset=&#8221;default&#8221; header_level=&#8221;h2&#8243; header_text_color=&#8221;#FFFFFF&#8221; header_font_size=&#8221;35px&#8221; module_alignment=&#8221;left&#8221; global_colors_info=&#8221;{}&#8221;][\/et_pb_blurb][et_pb_text _builder_version=&#8221;4.27.0&#8243; _module_preset=&#8221;default&#8221; text_text_color=&#8221;#FFFFFF&#8221; text_font_size=&#8221;16px&#8221; text_line_height=&#8221;22px&#8221; link_font=&#8221;||||on|||#FFFFFF|&#8221; link_text_color=&#8221;#FFFFFF&#8221; header_2_text_color=&#8221;#7DAAAF&#8221; hover_enabled=&#8221;0&#8243; global_colors_info=&#8221;{}&#8221; sticky_enabled=&#8221;0&#8243;]<\/p>\n<ul>\n<li><a href=\"https:\/\/www.amazon-of-europe.com\/wp-content\/uploads\/2024\/09\/mdd_restpot_05_02_2014web.pdf\" target=\"_blank\" rel=\"noopener\">Procjena potencijala obnove rijeka i poplavnog podru\u010dja u TBR MDD-u<\/a><\/li>\n<li>Informativni \u010dlanci istra\u017eivanja potencijala obnove (<a href=\"https:\/\/www.amazon-of-europe.com\/wp-content\/uploads\/2024\/09\/river-floodplain-unesco-final-eng-web.pdf\" target=\"_blank\" rel=\"noopener\">EN<\/a> \/ <a href=\"https:\/\/www.amazon-of-europe.com\/wp-content\/uploads\/2024\/09\/river_floodplain_unesco_-_final_at_web1.pdf\" target=\"_blank\" rel=\"noopener\">DE<\/a> \/ <a href=\"https:\/\/www.amazon-of-europe.com\/wp-content\/uploads\/2024\/09\/river-floodplain-unesco-final-slo-web.pdf\" target=\"_blank\" rel=\"noopener\">SL<\/a> \/ <a href=\"https:\/\/www.amazon-of-europe.com\/wp-content\/uploads\/2024\/09\/river_floodplain_unesco_-_final_cro_web1.pdf\" target=\"_blank\" rel=\"noopener\">HR<\/a> \/ <a href=\"https:\/\/www.amazon-of-europe.com\/wp-content\/uploads\/2024\/09\/river-floodplain-unesco-final-hu-web.pdf\" target=\"_blank\" rel=\"noopener\">HU<\/a> \/ <a href=\"https:\/\/www.amazon-of-europe.com\/wp-content\/uploads\/2024\/09\/river-floodplain-unesco-final-srb-web.pdf\" target=\"_blank\" rel=\"noopener\">SR<\/a>)<\/li>\n<\/ul>\n<p>[\/et_pb_text][\/et_pb_column][\/et_pb_row][\/et_pb_section]<\/p>\n","protected":false},"excerpt":{"rendered":"<p>OBNOVABogata mre\u017ea partnera i podupiratelja unutar UNESCO-ovog petdr\u017eavnog Rezervata biosfere Mura-Drava-Dunav (TBR MDD) aktivno obnavlja podru\u010dja u lo\u0161eg ekolo\u0161kog i biolo\u0161kog stanja kroz provedbu razli\u010ditih integriranih projekata obnove na cijelom podru\u010dju. Ovi napori imaju za cilj obnovu prirodne dinamike rijeka i njihovih poplavnih podru\u010dja, pobolj\u0161anje bioraznolikosti i usluga ekosustava. Klju\u010dne mjere obnove uklju\u010duju: Obnavljanje rije\u010dnih [&hellip;]<\/p>\n","protected":false},"author":3,"featured_media":0,"parent":4533,"menu_order":0,"comment_status":"closed","ping_status":"closed","template":"","meta":{"_et_pb_use_builder":"on","_et_pb_old_content":"","_et_gb_content_width":"","footnotes":""},"class_list":["post-4535","page","type-page","status-publish","hentry"],"yoast_head":"<!-- This site is optimized with the Yoast SEO plugin v24.2 - https:\/\/yoast.com\/wordpress\/plugins\/seo\/ -->\n<title>Obnova - Amazon of Europe<\/title>\n<meta name=\"robots\" content=\"index, follow, max-snippet:-1, max-image-preview:large, max-video-preview:-1\" \/>\n<link rel=\"canonical\" href=\"https:\/\/www.amazon-of-europe.com\/hr\/rezervat-biosfere\/obnova\/\" \/>\n<meta property=\"og:locale\" content=\"hr_HR\" \/>\n<meta property=\"og:type\" content=\"article\" \/>\n<meta property=\"og:title\" content=\"Obnova - Amazon of Europe\" \/>\n<meta property=\"og:description\" content=\"OBNOVABogata mre\u017ea partnera i podupiratelja unutar UNESCO-ovog petdr\u017eavnog Rezervata biosfere Mura-Drava-Dunav (TBR MDD) aktivno obnavlja podru\u010dja u lo\u0161eg ekolo\u0161kog i biolo\u0161kog stanja kroz provedbu razli\u010ditih integriranih projekata obnove na cijelom podru\u010dju. Ovi napori imaju za cilj obnovu prirodne dinamike rijeka i njihovih poplavnih podru\u010dja, pobolj\u0161anje bioraznolikosti i usluga ekosustava. Klju\u010dne mjere obnove uklju\u010duju: Obnavljanje rije\u010dnih [&hellip;]\" \/>\n<meta property=\"og:url\" content=\"https:\/\/www.amazon-of-europe.com\/hr\/rezervat-biosfere\/obnova\/\" \/>\n<meta property=\"og:site_name\" content=\"Amazon of Europe\" \/>\n<meta property=\"article:publisher\" content=\"https:\/\/www.facebook.com\/AmazonOfEurope\" \/>\n<meta property=\"article:modified_time\" content=\"2025-05-14T12:41:56+00:00\" \/>\n<meta name=\"twitter:card\" content=\"summary_large_image\" \/>\n<meta name=\"twitter:label1\" content=\"Procijenjeno vrijeme \u010ditanja\" \/>\n\t<meta name=\"twitter:data1\" content=\"5 minuta\" \/>\n<script type=\"application\/ld+json\" class=\"yoast-schema-graph\">{\"@context\":\"https:\/\/schema.org\",\"@graph\":[{\"@type\":\"WebPage\",\"@id\":\"https:\/\/www.amazon-of-europe.com\/hr\/rezervat-biosfere\/obnova\/\",\"url\":\"https:\/\/www.amazon-of-europe.com\/hr\/rezervat-biosfere\/obnova\/\",\"name\":\"Obnova - Amazon of Europe\",\"isPartOf\":{\"@id\":\"https:\/\/www.amazon-of-europe.com\/#website\"},\"datePublished\":\"2024-08-31T13:43:44+00:00\",\"dateModified\":\"2025-05-14T12:41:56+00:00\",\"breadcrumb\":{\"@id\":\"https:\/\/www.amazon-of-europe.com\/hr\/rezervat-biosfere\/obnova\/#breadcrumb\"},\"inLanguage\":\"hr\",\"potentialAction\":[{\"@type\":\"ReadAction\",\"target\":[\"https:\/\/www.amazon-of-europe.com\/hr\/rezervat-biosfere\/obnova\/\"]}]},{\"@type\":\"BreadcrumbList\",\"@id\":\"https:\/\/www.amazon-of-europe.com\/hr\/rezervat-biosfere\/obnova\/#breadcrumb\",\"itemListElement\":[{\"@type\":\"ListItem\",\"position\":1,\"name\":\"Home\",\"item\":\"https:\/\/www.amazon-of-europe.com\/\"},{\"@type\":\"ListItem\",\"position\":2,\"name\":\"Rezervat biosfere\",\"item\":\"https:\/\/www.amazon-of-europe.com\/hr\/rezervat-biosfere\/\"},{\"@type\":\"ListItem\",\"position\":3,\"name\":\"Obnova\"}]},{\"@type\":\"WebSite\",\"@id\":\"https:\/\/www.amazon-of-europe.com\/#website\",\"url\":\"https:\/\/www.amazon-of-europe.com\/\",\"name\":\"Amazon of Europe\",\"description\":\"WWF Austria\",\"publisher\":{\"@id\":\"https:\/\/www.amazon-of-europe.com\/#organization\"},\"potentialAction\":[{\"@type\":\"SearchAction\",\"target\":{\"@type\":\"EntryPoint\",\"urlTemplate\":\"https:\/\/www.amazon-of-europe.com\/?s={search_term_string}\"},\"query-input\":{\"@type\":\"PropertyValueSpecification\",\"valueRequired\":true,\"valueName\":\"search_term_string\"}}],\"inLanguage\":\"hr\"},{\"@type\":\"Organization\",\"@id\":\"https:\/\/www.amazon-of-europe.com\/#organization\",\"name\":\"Amazon of Europe\",\"url\":\"https:\/\/www.amazon-of-europe.com\/\",\"logo\":{\"@type\":\"ImageObject\",\"inLanguage\":\"hr\",\"@id\":\"https:\/\/www.amazon-of-europe.com\/#\/schema\/logo\/image\/\",\"url\":\"https:\/\/www.amazon-of-europe.com\/wp-content\/uploads\/2024\/09\/AOE_Logo.jpg\",\"contentUrl\":\"https:\/\/www.amazon-of-europe.com\/wp-content\/uploads\/2024\/09\/AOE_Logo.jpg\",\"width\":900,\"height\":384,\"caption\":\"Amazon of Europe\"},\"image\":{\"@id\":\"https:\/\/www.amazon-of-europe.com\/#\/schema\/logo\/image\/\"},\"sameAs\":[\"https:\/\/www.facebook.com\/AmazonOfEurope\"]}]}<\/script>\n<!-- \/ Yoast SEO plugin. -->","yoast_head_json":{"title":"Obnova - Amazon of Europe","robots":{"index":"index","follow":"follow","max-snippet":"max-snippet:-1","max-image-preview":"max-image-preview:large","max-video-preview":"max-video-preview:-1"},"canonical":"https:\/\/www.amazon-of-europe.com\/hr\/rezervat-biosfere\/obnova\/","og_locale":"hr_HR","og_type":"article","og_title":"Obnova - Amazon of Europe","og_description":"OBNOVABogata mre\u017ea partnera i podupiratelja unutar UNESCO-ovog petdr\u017eavnog Rezervata biosfere Mura-Drava-Dunav (TBR MDD) aktivno obnavlja podru\u010dja u lo\u0161eg ekolo\u0161kog i biolo\u0161kog stanja kroz provedbu razli\u010ditih integriranih projekata obnove na cijelom podru\u010dju. Ovi napori imaju za cilj obnovu prirodne dinamike rijeka i njihovih poplavnih podru\u010dja, pobolj\u0161anje bioraznolikosti i usluga ekosustava. Klju\u010dne mjere obnove uklju\u010duju: Obnavljanje rije\u010dnih [&hellip;]","og_url":"https:\/\/www.amazon-of-europe.com\/hr\/rezervat-biosfere\/obnova\/","og_site_name":"Amazon of Europe","article_publisher":"https:\/\/www.facebook.com\/AmazonOfEurope","article_modified_time":"2025-05-14T12:41:56+00:00","twitter_card":"summary_large_image","twitter_misc":{"Procijenjeno vrijeme \u010ditanja":"5 minuta"},"schema":{"@context":"https:\/\/schema.org","@graph":[{"@type":"WebPage","@id":"https:\/\/www.amazon-of-europe.com\/hr\/rezervat-biosfere\/obnova\/","url":"https:\/\/www.amazon-of-europe.com\/hr\/rezervat-biosfere\/obnova\/","name":"Obnova - Amazon of Europe","isPartOf":{"@id":"https:\/\/www.amazon-of-europe.com\/#website"},"datePublished":"2024-08-31T13:43:44+00:00","dateModified":"2025-05-14T12:41:56+00:00","breadcrumb":{"@id":"https:\/\/www.amazon-of-europe.com\/hr\/rezervat-biosfere\/obnova\/#breadcrumb"},"inLanguage":"hr","potentialAction":[{"@type":"ReadAction","target":["https:\/\/www.amazon-of-europe.com\/hr\/rezervat-biosfere\/obnova\/"]}]},{"@type":"BreadcrumbList","@id":"https:\/\/www.amazon-of-europe.com\/hr\/rezervat-biosfere\/obnova\/#breadcrumb","itemListElement":[{"@type":"ListItem","position":1,"name":"Home","item":"https:\/\/www.amazon-of-europe.com\/"},{"@type":"ListItem","position":2,"name":"Rezervat biosfere","item":"https:\/\/www.amazon-of-europe.com\/hr\/rezervat-biosfere\/"},{"@type":"ListItem","position":3,"name":"Obnova"}]},{"@type":"WebSite","@id":"https:\/\/www.amazon-of-europe.com\/#website","url":"https:\/\/www.amazon-of-europe.com\/","name":"Amazon of Europe","description":"WWF Austria","publisher":{"@id":"https:\/\/www.amazon-of-europe.com\/#organization"},"potentialAction":[{"@type":"SearchAction","target":{"@type":"EntryPoint","urlTemplate":"https:\/\/www.amazon-of-europe.com\/?s={search_term_string}"},"query-input":{"@type":"PropertyValueSpecification","valueRequired":true,"valueName":"search_term_string"}}],"inLanguage":"hr"},{"@type":"Organization","@id":"https:\/\/www.amazon-of-europe.com\/#organization","name":"Amazon of Europe","url":"https:\/\/www.amazon-of-europe.com\/","logo":{"@type":"ImageObject","inLanguage":"hr","@id":"https:\/\/www.amazon-of-europe.com\/#\/schema\/logo\/image\/","url":"https:\/\/www.amazon-of-europe.com\/wp-content\/uploads\/2024\/09\/AOE_Logo.jpg","contentUrl":"https:\/\/www.amazon-of-europe.com\/wp-content\/uploads\/2024\/09\/AOE_Logo.jpg","width":900,"height":384,"caption":"Amazon of Europe"},"image":{"@id":"https:\/\/www.amazon-of-europe.com\/#\/schema\/logo\/image\/"},"sameAs":["https:\/\/www.facebook.com\/AmazonOfEurope"]}]}},"_links":{"self":[{"href":"https:\/\/www.amazon-of-europe.com\/hr\/wp-json\/wp\/v2\/pages\/4535","targetHints":{"allow":["GET"]}}],"collection":[{"href":"https:\/\/www.amazon-of-europe.com\/hr\/wp-json\/wp\/v2\/pages"}],"about":[{"href":"https:\/\/www.amazon-of-europe.com\/hr\/wp-json\/wp\/v2\/types\/page"}],"author":[{"embeddable":true,"href":"https:\/\/www.amazon-of-europe.com\/hr\/wp-json\/wp\/v2\/users\/3"}],"replies":[{"embeddable":true,"href":"https:\/\/www.amazon-of-europe.com\/hr\/wp-json\/wp\/v2\/comments?post=4535"}],"version-history":[{"count":4,"href":"https:\/\/www.amazon-of-europe.com\/hr\/wp-json\/wp\/v2\/pages\/4535\/revisions"}],"predecessor-version":[{"id":8097,"href":"https:\/\/www.amazon-of-europe.com\/hr\/wp-json\/wp\/v2\/pages\/4535\/revisions\/8097"}],"up":[{"embeddable":true,"href":"https:\/\/www.amazon-of-europe.com\/hr\/wp-json\/wp\/v2\/pages\/4533"}],"wp:attachment":[{"href":"https:\/\/www.amazon-of-europe.com\/hr\/wp-json\/wp\/v2\/media?parent=4535"}],"curies":[{"name":"wp","href":"https:\/\/api.w.org\/{rel}","templated":true}]}}