{"id":4537,"date":"2024-06-12T19:20:36","date_gmt":"2024-06-12T19:20:36","guid":{"rendered":"https:\/\/www.amazon-of-europe.com\/imprint\/"},"modified":"2024-11-17T18:35:35","modified_gmt":"2024-11-17T18:35:35","slug":"otisak","status":"publish","type":"page","link":"https:\/\/www.amazon-of-europe.com\/hr\/otisak\/","title":{"rendered":"Otisak"},"content":{"rendered":"<p>[et_pb_section fb_built=&#8221;1&#8243; _builder_version=&#8221;4.27.0&#8243; _module_preset=&#8221;default&#8221; background_color=&#8221;#A5BE8A&#8221; custom_margin=&#8221;0px||0px||false|false&#8221; custom_padding=&#8221;25px||10px||false|false&#8221; top_divider_color=&#8221;#7DAAAF&#8221; top_divider_height=&#8221;18px&#8221; top_divider_repeat=&#8221;25x&#8221; top_divider_height_tablet=&#8221;16px&#8221; top_divider_height_phone=&#8221;10px&#8221; top_divider_height_last_edited=&#8221;on|desktop&#8221; top_divider_repeat_tablet=&#8221;16x&#8221; top_divider_repeat_phone=&#8221;10x&#8221; top_divider_repeat_last_edited=&#8221;on|phone&#8221; bottom_divider_color=&#8221;#7DAAAF&#8221; bottom_divider_height=&#8221;25px&#8221; bottom_divider_repeat=&#8221;25x&#8221; bottom_divider_height_tablet=&#8221;16px&#8221; bottom_divider_height_phone=&#8221;10px&#8221; bottom_divider_height_last_edited=&#8221;on|phone&#8221; bottom_divider_repeat_tablet=&#8221;16x&#8221; bottom_divider_repeat_phone=&#8221;10x&#8221; bottom_divider_repeat_last_edited=&#8221;on|phone&#8221; border_color_top=&#8221;#d8e5e7&#8243; border_color_bottom=&#8221;#A5BE8A&#8221; locked=&#8221;off&#8221; global_colors_info=&#8221;{}&#8221;][et_pb_row _builder_version=&#8221;4.27.0&#8243; _module_preset=&#8221;default&#8221; width=&#8221;65%&#8221; width_tablet=&#8221;80%&#8221; width_phone=&#8221;80%&#8221; width_last_edited=&#8221;on|tablet&#8221; max_width=&#8221;900px&#8221; custom_margin=&#8221;0px||0px||false|false&#8221; custom_padding=&#8221;0px||0px||false|false&#8221; global_colors_info=&#8221;{}&#8221;][et_pb_column type=&#8221;4_4&#8243; _builder_version=&#8221;4.27.0&#8243; _module_preset=&#8221;default&#8221; global_colors_info=&#8221;{}&#8221;][et_pb_text _builder_version=&#8221;4.27.0&#8243; _module_preset=&#8221;default&#8221; header_text_color=&#8221;#FFFFFF&#8221; header_font_size=&#8221;45px&#8221; custom_margin=&#8221;0px||0px||false|false&#8221; custom_padding=&#8221;0px||0px||false|false&#8221; hover_enabled=&#8221;0&#8243; global_colors_info=&#8221;{}&#8221; sticky_enabled=&#8221;0&#8243;]<\/p>\n<h1>IMPRESSUM<\/h1>\n<p>[\/et_pb_text][\/et_pb_column][\/et_pb_row][\/et_pb_section][et_pb_section fb_built=&#8221;1&#8243; _builder_version=&#8221;4.27.0&#8243; _module_preset=&#8221;default&#8221; custom_margin=&#8221;0px||0px||false|false&#8221; custom_padding=&#8221;0px||0px||false|false&#8221; global_colors_info=&#8221;{}&#8221;][et_pb_row _builder_version=&#8221;4.27.0&#8243; _module_preset=&#8221;default&#8221; width=&#8221;65%&#8221; width_tablet=&#8221;80%&#8221; width_phone=&#8221;80%&#8221; width_last_edited=&#8221;on|desktop&#8221; max_width=&#8221;900px&#8221; module_alignment=&#8221;center&#8221; global_colors_info=&#8221;{}&#8221;][et_pb_column type=&#8221;4_4&#8243; _builder_version=&#8221;4.25.2&#8243; _module_preset=&#8221;default&#8221; global_colors_info=&#8221;{}&#8221;][et_pb_text _builder_version=&#8221;4.27.0&#8243; _module_preset=&#8221;default&#8221; text_font_size=&#8221;16px&#8221; text_line_height=&#8221;22px&#8221; link_font=&#8221;||||on|||#7DAAAF|&#8221; link_text_color=&#8221;#7DAAAF&#8221; header_2_text_color=&#8221;#7DAAAF&#8221; header_2_font_size=&#8221;35px&#8221; hover_enabled=&#8221;0&#8243; global_colors_info=&#8221;{}&#8221; sticky_enabled=&#8221;0&#8243;]<\/p>\n<p><strong>Izdava\u010d:<\/strong><br \/>Umweltverband WWF \u00d6sterreich (WORLD WIDE FUND FOR NATURE)<br \/>Ottakringer Stra\u00dfe 114-116<br \/>1160 Be\u010d<br \/>Reg. br. 751753867<\/p>\n<p><strong>Kontakt:<\/strong><br \/>E-po\u0161ta: <a href=\"mailto:liferestoreformdd@wwf.at\">liferestoreformdd@wwf.at<\/a><br \/>Telefon: +43\/1\/48817-0<br \/>Faks: +43\/1\/48817-44<\/p>\n<p><strong>Upravljanje konceptima i projektima:<\/strong><br \/>Arno Mohl, Lisa Wolf, Jasmin Maier<\/p>\n<p><strong>Dizajn<\/strong><br \/>WERK1<\/p>\n<p><strong>Programiranje, CMS:<\/strong><br \/><a href=\"https:\/\/www.iservice.at\" target=\"_blank\" rel=\"noopener\">iService Medien &amp; Werbeagentur<\/a><\/p>\n<p><strong>Autorska prava i druge pravne informacije:<\/strong><br \/>Osim ako nije druga\u010dije navedeno, sav tekst na ovoj web stranici za\u0161ti\u0107en je autorskim pravima udruge WWF-Austria, 2024. Svaka reprodukcija, u cijelosti ili djelomi\u010dno, mora navesti WWF-Austria kao nositelja autorskih prava.<\/p>\n<p><strong>Fotografije:<\/strong><br \/>Sve fotografije prikazane na ovoj stranici podlije\u017eu autorskim pravima i ne smiju se reproducirati bez dopu\u0161tenja. Ako ste zainteresirani za kori\u0161tenje bilo koje od slika, po\u0161aljite poruku e-po\u0161te na wwf@wwf.at, navode\u0107i adresu stranice na kojoj se slika pojavljuje.<\/p>\n<p><strong>Za\u0161tita podataka:<\/strong><br \/>Za informacije o tome kako postupamo s va\u0161im osobnim podacima, pogledajte Politiku privatnosti WWF-Austria.<\/p>\n<p><strong>Odricanje od odgovornosti:<\/strong><br \/>Iako \u010dinimo sve kako bismo osigurali to\u010dnost i pravovremenost informacija na ovoj web stranici, WWF-Austria ne mo\u017ee jam\u010diti da su sve informacije potpuno to\u010dne, aktualne ili prikladne za bilo koju posebnu svrhu.<\/p>\n<p><strong>Pristupa\u010dnost:<\/strong><br \/>Predani smo tome da ovu web stranicu u\u010dinimo \u0161to je mogu\u0107e dostupnijom. Ako nai\u0111ete na probleme s pristupa\u010dno\u0161\u0107u, obratite nam se na <a href=\"mailto:liferestoreforMDD@wwf.at\">liferestoreforMDD@wwf.at<\/a>.<\/p>\n<p><strong>Google Analytics:<br \/><\/strong><span>Ova web stranica koristi Google Analytics, uslugu web analitike koju pru\u017ea Google, Inc. (\u201eGoogle\u201d). Google Analytics koristi \u201ekola\u010di\u0107e\u201d, tekstualne datoteke koje se nalaze na va\u0161em ra\u010dunalu, kako bi pomogli web stranici analizirati kako korisnici koriste stranicu. Informacije koje generira kola\u010di\u0107 o va\u0161em kori\u0161tenju web stranice (uklju\u010duju\u0107i va\u0161u IP adresu) bit \u0107e poslane i pohranjene od strane Google-a na poslu\u017eiteljima u Sjedinjenim Ameri\u010dkim Dr\u017eavama. Google \u0107e koristiti ove informacije u svrhu procjene va\u0161eg kori\u0161tenja web stranice, sastavljanja izvje\u0161\u0107a o aktivnostima web stranice za operatere web stranice i pru\u017eanja drugih usluga u vezi s aktivnostima web stranice i kori\u0161tenjem interneta. Google tako\u0111er mo\u017ee prenijeti ove podatke tre\u0107im stranama ako to zahtijeva zakon ili ako te tre\u0107e strane obra\u0111uju podatke u ime Googlea. Google ne\u0107e povezivati va\u0161u IP adresu s drugim podacima koje Google posjeduje. Mo\u017eete odbiti kori\u0161tenje kola\u010di\u0107a odabirom odgovaraju\u0107ih postavki u svom pregledniku, no imajte na umu da ako to u\u010dinite mo\u017eda ne\u0107ete mo\u0107i koristiti punu funkcionalnost ove web stranice. Kori\u0161tenjem ove web stranice pristajete na obradu va\u0161ih podataka od strane Google-a na gore naveden na\u010din i navedene svrhe.<\/span><\/p>\n<p>[\/et_pb_text][\/et_pb_column][\/et_pb_row][\/et_pb_section]<\/p>\n","protected":false},"excerpt":{"rendered":"<p>IMPRESSUMIzdava\u010d:Umweltverband WWF \u00d6sterreich (WORLD WIDE FUND FOR NATURE)Ottakringer Stra\u00dfe 114-1161160 Be\u010dReg. br. 751753867 Kontakt:E-po\u0161ta: liferestoreformdd@wwf.atTelefon: +43\/1\/48817-0Faks: +43\/1\/48817-44 Upravljanje konceptima i projektima:Arno Mohl, Lisa Wolf, Jasmin Maier DizajnWERK1 Programiranje, CMS:iService Medien &amp; Werbeagentur Autorska prava i druge pravne informacije:Osim ako nije druga\u010dije navedeno, sav tekst na ovoj web stranici za\u0161ti\u0107en je autorskim pravima udruge WWF-Austria, 2024. [&hellip;]<\/p>\n","protected":false},"author":3,"featured_media":0,"parent":0,"menu_order":0,"comment_status":"closed","ping_status":"closed","template":"","meta":{"_et_pb_use_builder":"on","_et_pb_old_content":"","_et_gb_content_width":"","footnotes":""},"class_list":["post-4537","page","type-page","status-publish","hentry"],"yoast_head":"<!-- This site is optimized with the Yoast SEO plugin v24.2 - https:\/\/yoast.com\/wordpress\/plugins\/seo\/ -->\n<title>Otisak - Amazon of Europe<\/title>\n<meta name=\"robots\" content=\"index, follow, max-snippet:-1, max-image-preview:large, max-video-preview:-1\" \/>\n<link rel=\"canonical\" href=\"https:\/\/www.amazon-of-europe.com\/imprint\/\" \/>\n<meta property=\"og:locale\" content=\"hr_HR\" \/>\n<meta property=\"og:type\" content=\"article\" \/>\n<meta property=\"og:title\" content=\"Otisak - Amazon of Europe\" \/>\n<meta property=\"og:description\" content=\"IMPRESSUMIzdava\u010d:Umweltverband WWF \u00d6sterreich (WORLD WIDE FUND FOR NATURE)Ottakringer Stra\u00dfe 114-1161160 Be\u010dReg. br. 751753867 Kontakt:E-po\u0161ta: liferestoreformdd@wwf.atTelefon: +43\/1\/48817-0Faks: +43\/1\/48817-44 Upravljanje konceptima i projektima:Arno Mohl, Lisa Wolf, Jasmin Maier DizajnWERK1 Programiranje, CMS:iService Medien &amp; Werbeagentur Autorska prava i druge pravne informacije:Osim ako nije druga\u010dije navedeno, sav tekst na ovoj web stranici za\u0161ti\u0107en je autorskim pravima udruge WWF-Austria, 2024. [&hellip;]\" \/>\n<meta property=\"og:url\" content=\"https:\/\/www.amazon-of-europe.com\/imprint\/\" \/>\n<meta property=\"og:site_name\" content=\"Amazon of Europe\" \/>\n<meta property=\"article:publisher\" content=\"https:\/\/www.facebook.com\/AmazonOfEurope\" \/>\n<meta property=\"article:modified_time\" content=\"2024-11-17T18:35:35+00:00\" \/>\n<meta name=\"twitter:card\" content=\"summary_large_image\" \/>\n<meta name=\"twitter:label1\" content=\"Procijenjeno vrijeme \u010ditanja\" \/>\n\t<meta name=\"twitter:data1\" content=\"4 minute\" \/>\n<script type=\"application\/ld+json\" class=\"yoast-schema-graph\">{\"@context\":\"https:\/\/schema.org\",\"@graph\":[{\"@type\":\"WebPage\",\"@id\":\"https:\/\/www.amazon-of-europe.com\/imprint\/\",\"url\":\"https:\/\/www.amazon-of-europe.com\/imprint\/\",\"name\":\"Otisak - Amazon of Europe\",\"isPartOf\":{\"@id\":\"https:\/\/www.amazon-of-europe.com\/#website\"},\"datePublished\":\"2024-06-12T19:20:36+00:00\",\"dateModified\":\"2024-11-17T18:35:35+00:00\",\"breadcrumb\":{\"@id\":\"https:\/\/www.amazon-of-europe.com\/imprint\/#breadcrumb\"},\"inLanguage\":\"hr\",\"potentialAction\":[{\"@type\":\"ReadAction\",\"target\":[\"https:\/\/www.amazon-of-europe.com\/imprint\/\"]}]},{\"@type\":\"BreadcrumbList\",\"@id\":\"https:\/\/www.amazon-of-europe.com\/imprint\/#breadcrumb\",\"itemListElement\":[{\"@type\":\"ListItem\",\"position\":1,\"name\":\"Home\",\"item\":\"https:\/\/www.amazon-of-europe.com\/\"},{\"@type\":\"ListItem\",\"position\":2,\"name\":\"Otisak\"}]},{\"@type\":\"WebSite\",\"@id\":\"https:\/\/www.amazon-of-europe.com\/#website\",\"url\":\"https:\/\/www.amazon-of-europe.com\/\",\"name\":\"Amazon of Europe\",\"description\":\"WWF Austria\",\"publisher\":{\"@id\":\"https:\/\/www.amazon-of-europe.com\/#organization\"},\"potentialAction\":[{\"@type\":\"SearchAction\",\"target\":{\"@type\":\"EntryPoint\",\"urlTemplate\":\"https:\/\/www.amazon-of-europe.com\/?s={search_term_string}\"},\"query-input\":{\"@type\":\"PropertyValueSpecification\",\"valueRequired\":true,\"valueName\":\"search_term_string\"}}],\"inLanguage\":\"hr\"},{\"@type\":\"Organization\",\"@id\":\"https:\/\/www.amazon-of-europe.com\/#organization\",\"name\":\"Amazon of Europe\",\"url\":\"https:\/\/www.amazon-of-europe.com\/\",\"logo\":{\"@type\":\"ImageObject\",\"inLanguage\":\"hr\",\"@id\":\"https:\/\/www.amazon-of-europe.com\/#\/schema\/logo\/image\/\",\"url\":\"https:\/\/www.amazon-of-europe.com\/wp-content\/uploads\/2024\/09\/AOE_Logo.jpg\",\"contentUrl\":\"https:\/\/www.amazon-of-europe.com\/wp-content\/uploads\/2024\/09\/AOE_Logo.jpg\",\"width\":900,\"height\":384,\"caption\":\"Amazon of Europe\"},\"image\":{\"@id\":\"https:\/\/www.amazon-of-europe.com\/#\/schema\/logo\/image\/\"},\"sameAs\":[\"https:\/\/www.facebook.com\/AmazonOfEurope\"]}]}<\/script>\n<!-- \/ Yoast SEO plugin. -->","yoast_head_json":{"title":"Otisak - Amazon of Europe","robots":{"index":"index","follow":"follow","max-snippet":"max-snippet:-1","max-image-preview":"max-image-preview:large","max-video-preview":"max-video-preview:-1"},"canonical":"https:\/\/www.amazon-of-europe.com\/imprint\/","og_locale":"hr_HR","og_type":"article","og_title":"Otisak - Amazon of Europe","og_description":"IMPRESSUMIzdava\u010d:Umweltverband WWF \u00d6sterreich (WORLD WIDE FUND FOR NATURE)Ottakringer Stra\u00dfe 114-1161160 Be\u010dReg. br. 751753867 Kontakt:E-po\u0161ta: liferestoreformdd@wwf.atTelefon: +43\/1\/48817-0Faks: +43\/1\/48817-44 Upravljanje konceptima i projektima:Arno Mohl, Lisa Wolf, Jasmin Maier DizajnWERK1 Programiranje, CMS:iService Medien &amp; Werbeagentur Autorska prava i druge pravne informacije:Osim ako nije druga\u010dije navedeno, sav tekst na ovoj web stranici za\u0161ti\u0107en je autorskim pravima udruge WWF-Austria, 2024. [&hellip;]","og_url":"https:\/\/www.amazon-of-europe.com\/imprint\/","og_site_name":"Amazon of Europe","article_publisher":"https:\/\/www.facebook.com\/AmazonOfEurope","article_modified_time":"2024-11-17T18:35:35+00:00","twitter_card":"summary_large_image","twitter_misc":{"Procijenjeno vrijeme \u010ditanja":"4 minute"},"schema":{"@context":"https:\/\/schema.org","@graph":[{"@type":"WebPage","@id":"https:\/\/www.amazon-of-europe.com\/imprint\/","url":"https:\/\/www.amazon-of-europe.com\/imprint\/","name":"Otisak - Amazon of Europe","isPartOf":{"@id":"https:\/\/www.amazon-of-europe.com\/#website"},"datePublished":"2024-06-12T19:20:36+00:00","dateModified":"2024-11-17T18:35:35+00:00","breadcrumb":{"@id":"https:\/\/www.amazon-of-europe.com\/imprint\/#breadcrumb"},"inLanguage":"hr","potentialAction":[{"@type":"ReadAction","target":["https:\/\/www.amazon-of-europe.com\/imprint\/"]}]},{"@type":"BreadcrumbList","@id":"https:\/\/www.amazon-of-europe.com\/imprint\/#breadcrumb","itemListElement":[{"@type":"ListItem","position":1,"name":"Home","item":"https:\/\/www.amazon-of-europe.com\/"},{"@type":"ListItem","position":2,"name":"Otisak"}]},{"@type":"WebSite","@id":"https:\/\/www.amazon-of-europe.com\/#website","url":"https:\/\/www.amazon-of-europe.com\/","name":"Amazon of Europe","description":"WWF Austria","publisher":{"@id":"https:\/\/www.amazon-of-europe.com\/#organization"},"potentialAction":[{"@type":"SearchAction","target":{"@type":"EntryPoint","urlTemplate":"https:\/\/www.amazon-of-europe.com\/?s={search_term_string}"},"query-input":{"@type":"PropertyValueSpecification","valueRequired":true,"valueName":"search_term_string"}}],"inLanguage":"hr"},{"@type":"Organization","@id":"https:\/\/www.amazon-of-europe.com\/#organization","name":"Amazon of Europe","url":"https:\/\/www.amazon-of-europe.com\/","logo":{"@type":"ImageObject","inLanguage":"hr","@id":"https:\/\/www.amazon-of-europe.com\/#\/schema\/logo\/image\/","url":"https:\/\/www.amazon-of-europe.com\/wp-content\/uploads\/2024\/09\/AOE_Logo.jpg","contentUrl":"https:\/\/www.amazon-of-europe.com\/wp-content\/uploads\/2024\/09\/AOE_Logo.jpg","width":900,"height":384,"caption":"Amazon of Europe"},"image":{"@id":"https:\/\/www.amazon-of-europe.com\/#\/schema\/logo\/image\/"},"sameAs":["https:\/\/www.facebook.com\/AmazonOfEurope"]}]}},"_links":{"self":[{"href":"https:\/\/www.amazon-of-europe.com\/hr\/wp-json\/wp\/v2\/pages\/4537","targetHints":{"allow":["GET"]}}],"collection":[{"href":"https:\/\/www.amazon-of-europe.com\/hr\/wp-json\/wp\/v2\/pages"}],"about":[{"href":"https:\/\/www.amazon-of-europe.com\/hr\/wp-json\/wp\/v2\/types\/page"}],"author":[{"embeddable":true,"href":"https:\/\/www.amazon-of-europe.com\/hr\/wp-json\/wp\/v2\/users\/3"}],"replies":[{"embeddable":true,"href":"https:\/\/www.amazon-of-europe.com\/hr\/wp-json\/wp\/v2\/comments?post=4537"}],"version-history":[{"count":3,"href":"https:\/\/www.amazon-of-europe.com\/hr\/wp-json\/wp\/v2\/pages\/4537\/revisions"}],"predecessor-version":[{"id":4655,"href":"https:\/\/www.amazon-of-europe.com\/hr\/wp-json\/wp\/v2\/pages\/4537\/revisions\/4655"}],"wp:attachment":[{"href":"https:\/\/www.amazon-of-europe.com\/hr\/wp-json\/wp\/v2\/media?parent=4537"}],"curies":[{"name":"wp","href":"https:\/\/api.w.org\/{rel}","templated":true}]}}