{"id":4392,"date":"2024-09-01T19:21:44","date_gmt":"2024-09-01T19:21:44","guid":{"rendered":"https:\/\/www.amazon-of-europe.com\/media-publications\/"},"modified":"2024-11-17T15:18:33","modified_gmt":"2024-11-17T15:18:33","slug":"media-es-publikaciok","status":"publish","type":"page","link":"https:\/\/www.amazon-of-europe.com\/hu\/media-es-publikaciok\/","title":{"rendered":"M\u00e9dia \u00e9s publik\u00e1ci\u00f3k"},"content":{"rendered":"<p>[et_pb_section fb_built=&#8221;1&#8243; _builder_version=&#8221;4.27.0&#8243; _module_preset=&#8221;default&#8221; background_color=&#8221;#A5BE8A&#8221; custom_margin=&#8221;0px||0px||false|false&#8221; custom_padding=&#8221;25px||10px||false|false&#8221; top_divider_color=&#8221;#7DAAAF&#8221; top_divider_height=&#8221;18px&#8221; top_divider_repeat=&#8221;25x&#8221; top_divider_height_tablet=&#8221;16px&#8221; top_divider_height_phone=&#8221;10px&#8221; top_divider_height_last_edited=&#8221;on|desktop&#8221; top_divider_repeat_tablet=&#8221;16x&#8221; top_divider_repeat_phone=&#8221;10x&#8221; top_divider_repeat_last_edited=&#8221;on|phone&#8221; bottom_divider_color=&#8221;#7DAAAF&#8221; bottom_divider_height=&#8221;25px&#8221; bottom_divider_repeat=&#8221;25x&#8221; bottom_divider_height_tablet=&#8221;16px&#8221; bottom_divider_height_phone=&#8221;10px&#8221; bottom_divider_height_last_edited=&#8221;on|phone&#8221; bottom_divider_repeat_tablet=&#8221;16x&#8221; bottom_divider_repeat_phone=&#8221;10x&#8221; bottom_divider_repeat_last_edited=&#8221;on|phone&#8221; border_color_top=&#8221;#d8e5e7&#8243; border_color_bottom=&#8221;#A5BE8A&#8221; locked=&#8221;off&#8221; global_colors_info=&#8221;{}&#8221;][et_pb_row _builder_version=&#8221;4.27.0&#8243; _module_preset=&#8221;default&#8221; width=&#8221;65%&#8221; width_tablet=&#8221;80%&#8221; width_phone=&#8221;80%&#8221; width_last_edited=&#8221;on|tablet&#8221; max_width=&#8221;900px&#8221; custom_margin=&#8221;0px||0px||false|false&#8221; custom_padding=&#8221;0px||0px||false|false&#8221; global_colors_info=&#8221;{}&#8221;][et_pb_column type=&#8221;4_4&#8243; _builder_version=&#8221;4.27.0&#8243; _module_preset=&#8221;default&#8221; global_colors_info=&#8221;{}&#8221;][et_pb_text _builder_version=&#8221;4.27.0&#8243; _module_preset=&#8221;default&#8221; header_text_color=&#8221;#FFFFFF&#8221; header_font_size=&#8221;45px&#8221; custom_margin=&#8221;0px||0px||false|false&#8221; custom_padding=&#8221;0px||0px||false|false&#8221; hover_enabled=&#8221;0&#8243; global_colors_info=&#8221;{}&#8221; sticky_enabled=&#8221;0&#8243;]<\/p>\n<h1>M\u00c9DIA \u00c9S PUBLIK\u00c1CI\u00d3K<\/h1>\n<p>[\/et_pb_text][\/et_pb_column][\/et_pb_row][\/et_pb_section][et_pb_section fb_built=&#8221;1&#8243; _builder_version=&#8221;4.27.0&#8243; _module_preset=&#8221;default&#8221; custom_margin=&#8221;0px||0px||false|false&#8221; custom_padding=&#8221;0px||0px||false|false&#8221; global_colors_info=&#8221;{}&#8221;][et_pb_row module_id=&#8221;general&#8221; _builder_version=&#8221;4.27.0&#8243; _module_preset=&#8221;default&#8221; width_tablet=&#8221;80%&#8221; width_phone=&#8221;80%&#8221; width_last_edited=&#8221;on|desktop&#8221; module_alignment=&#8221;center&#8221; custom_margin=&#8221;||0px||false|false&#8221; custom_padding=&#8221;||0px||false|false&#8221; global_colors_info=&#8221;{}&#8221;][et_pb_column type=&#8221;4_4&#8243; _builder_version=&#8221;4.25.2&#8243; _module_preset=&#8221;default&#8221; global_colors_info=&#8221;{}&#8221;][et_pb_text _builder_version=&#8221;4.27.0&#8243; _module_preset=&#8221;default&#8221; header_font_size=&#8221;35px&#8221; header_2_text_color=&#8221;#7DAAAF&#8221; header_2_font_size=&#8221;35px&#8221; custom_margin=&#8221;||4px|||&#8221; hover_enabled=&#8221;0&#8243; global_colors_info=&#8221;{}&#8221; sticky_enabled=&#8221;0&#8243;]<\/p>\n<h2>Gal\u00e9ria<\/h2>\n<p>[\/et_pb_text][et_pb_gallery gallery_ids=&#8221;1418,1412,1406,1325,1233,1319,817,816&#8243; posts_number=&#8221;8&#8243; show_title_and_caption=&#8221;off&#8221; show_pagination=&#8221;off&#8221; _builder_version=&#8221;4.27.0&#8243; _module_preset=&#8221;default&#8221; global_colors_info=&#8221;{}&#8221;][\/et_pb_gallery][\/et_pb_column][\/et_pb_row][et_pb_row _builder_version=&#8221;4.27.0&#8243; _module_preset=&#8221;default&#8221; width=&#8221;65%&#8221; width_tablet=&#8221;80%&#8221; width_phone=&#8221;80%&#8221; width_last_edited=&#8221;on|tablet&#8221; max_width=&#8221;900px&#8221; custom_margin=&#8221;0px||||false|false&#8221; custom_padding=&#8221;25px||25px||false|false&#8221; global_colors_info=&#8221;{}&#8221;][et_pb_column type=&#8221;4_4&#8243; _builder_version=&#8221;4.27.0&#8243; _module_preset=&#8221;default&#8221; global_colors_info=&#8221;{}&#8221;][et_pb_text _builder_version=&#8221;4.27.0&#8243; _module_preset=&#8221;default&#8221; header_2_text_color=&#8221;#7DAAAF&#8221; header_2_font_size=&#8221;35px&#8221; hover_enabled=&#8221;0&#8243; global_colors_info=&#8221;{}&#8221; sticky_enabled=&#8221;0&#8243;]<\/p>\n<h2>T\u00e9rk\u00e9pek<\/h2>\n<p>[\/et_pb_text][\/et_pb_column][\/et_pb_row][et_pb_row column_structure=&#8221;1_3,1_3,1_3&#8243; _builder_version=&#8221;4.27.0&#8243; _module_preset=&#8221;default&#8221; width=&#8221;65%&#8221; max_width=&#8221;900px&#8221; global_colors_info=&#8221;{}&#8221;][et_pb_column type=&#8221;1_3&#8243; _builder_version=&#8221;4.27.0&#8243; _module_preset=&#8221;default&#8221; global_colors_info=&#8221;{}&#8221;][et_pb_image src=&#8221;https:\/\/www.amazon-of-europe.com\/wp-content\/uploads\/2024\/11\/LR4MDD_KickOff_Pressrelease_map_231006_2_HU.jpg&#8221; title_text=&#8221;LR4MDD_KickOff_Pressrelease_map_231006_2_HU&#8221; show_in_lightbox=&#8221;on&#8221; _builder_version=&#8221;4.27.0&#8243; _module_preset=&#8221;default&#8221; hover_enabled=&#8221;0&#8243; locked=&#8221;off&#8221; global_colors_info=&#8221;{}&#8221; sticky_enabled=&#8221;0&#8243;][\/et_pb_image][\/et_pb_column][et_pb_column type=&#8221;1_3&#8243; _builder_version=&#8221;4.27.0&#8243; _module_preset=&#8221;default&#8221; global_colors_info=&#8221;{}&#8221;][et_pb_image src=&#8221;https:\/\/www.amazon-of-europe.com\/wp-content\/uploads\/2024\/11\/MDD-TBR_Map-Zonation2020_HU-scaled.jpg&#8221; title_text=&#8221;MDD-TBR_Map-Zonation2020_HU&#8221; show_in_lightbox=&#8221;on&#8221; _builder_version=&#8221;4.27.0&#8243; _module_preset=&#8221;default&#8221; hover_enabled=&#8221;0&#8243; locked=&#8221;off&#8221; global_colors_info=&#8221;{}&#8221; sticky_enabled=&#8221;0&#8243;][\/et_pb_image][\/et_pb_column][et_pb_column type=&#8221;1_3&#8243; _builder_version=&#8221;4.27.0&#8243; _module_preset=&#8221;default&#8221; global_colors_info=&#8221;{}&#8221;][et_pb_image src=&#8221;https:\/\/www.amazon-of-europe.com\/wp-content\/uploads\/2024\/10\/TBRMDD_12_Protected_Areas-scaled.jpg&#8221; title_text=&#8221;TBRMDD_12_Protected_Areas&#8221; show_in_lightbox=&#8221;on&#8221; _builder_version=&#8221;4.27.0&#8243; _module_preset=&#8221;default&#8221; locked=&#8221;off&#8221; global_colors_info=&#8221;{}&#8221;][\/et_pb_image][\/et_pb_column][\/et_pb_row][et_pb_row _builder_version=&#8221;4.27.0&#8243; _module_preset=&#8221;default&#8221; width=&#8221;65%&#8221; width_tablet=&#8221;80%&#8221; width_phone=&#8221;80%&#8221; width_last_edited=&#8221;on|tablet&#8221; max_width=&#8221;900px&#8221; custom_margin=&#8221;0px||||false|false&#8221; custom_padding=&#8221;25px||25px||false|false&#8221; global_colors_info=&#8221;{}&#8221;][et_pb_column type=&#8221;4_4&#8243; _builder_version=&#8221;4.27.0&#8243; _module_preset=&#8221;default&#8221; global_colors_info=&#8221;{}&#8221;][et_pb_text _builder_version=&#8221;4.27.0&#8243; _module_preset=&#8221;default&#8221; link_font=&#8221;||||on|||#7DAAAF|&#8221; link_text_color=&#8221;#7DAAAF&#8221; header_2_text_color=&#8221;#7DAAAF&#8221; header_2_font_size=&#8221;35px&#8221; hover_enabled=&#8221;0&#8243; global_colors_info=&#8221;{}&#8221; sticky_enabled=&#8221;0&#8243;]<\/p>\n<h2>A bioszf\u00e9ra-rezerv\u00e1tummal kapcsolatos vizsg\u00e1latok<\/h2>\n<ul>\n<li>Foly\u00f3k \u00e9s \u00e1rterek helyre\u00e1ll\u00edt\u00e1si lehet\u0151s\u00e9geinek \u00e9rt\u00e9kel\u00e9se a Mura\u2013Dr\u00e1va\u2013Duna Bioszf\u00e9ra Rezerv\u00e1tumban<\/li>\n<li><a href=\"https:\/\/dtp.interreg-danube.eu\/uploads\/media\/approved_project_output\/0001\/52\/677806cafd3dd60262c6605dc3453599fa64a1ed.pdf\">Jelent\u00e9s a hal\u00e1llom\u00e1ny \u00e1llapot\u00e1r\u00f3l<\/a><\/li>\n<li><a href=\"https:\/\/dtp.interreg-danube.eu\/uploads\/media\/approved_project_output\/0001\/55\/07966a1d008ad2b4f866135f5c9970cb31dcaa1c.pdf\">Jelent\u00e9s a v\u00edzimadarak k\u00f6lt\u00e9s\u00e9r\u0151l<\/a><\/li>\n<li><a href=\"https:\/\/dtp.interreg-danube.eu\/uploads\/media\/approved_project_output\/0001\/54\/31c2ce910019391e90486801ac7e8d784815ca77.pdf\">Foly\u00f3szab\u00e1lyoz\u00e1s m\u0171t\u00e1rgyai \u00e9s t\u00f6rt\u00e9nelmi t\u00e9rk\u00e9pek<\/a><\/li>\n<li><a href=\"https:\/\/dtp.interreg-danube.eu\/uploads\/media\/approved_project_output\/0001\/52\/850ef121988deb1ea8977d34c3cb25800a6aefdc.pdf\">Hordal\u00e9kmobiliz\u00e1ci\u00f3svizsg\u00e1lat<\/a><\/li>\n<li><a href=\"https:\/\/dtp.interreg-danube.eu\/uploads\/media\/approved_project_output\/0001\/54\/69b23ef020a89f970bb5bee42be8261c6b4b4661.pdf\">Hordal\u00e9km\u00e9rleg \u00e9s -sz\u00e1ll\u00edt\u00e1s vizsg\u00e1lata<\/a><\/li>\n<li><a href=\"https:\/\/dtp.interreg-danube.eu\/uploads\/media\/approved_project_output\/0001\/52\/7e0ed4d12bd8ba015dc785feed7df69bdcb9a56e.pdf\">\u00c9ghajlatv\u00e1ltoz\u00e1si vizsg\u00e1lat<\/a><\/li>\n<li><a href=\"https:\/\/dtp.interreg-danube.eu\/uploads\/media\/approved_project_output\/0001\/52\/2d546e7ce0e9b25bd98398b180843ebfbb0e8ace.pdf\">Hidrol\u00f3giai vizsg\u00e1lat<\/a><\/li>\n<li><a href=\"https:\/\/dtp.interreg-danube.eu\/uploads\/media\/approved_project_output\/0001\/55\/17e1f31c7aac68c7003613da92274951a5779068.pdf\">Duzzaszt\u00e1si vizsg\u00e1lat<\/a><\/li>\n<li>\u00d6sszefoglal\u00f3 jelent\u00e9s a tudom\u00e1nyosan megalapozott sz\u00fcks\u00e9ges int\u00e9zked\u00e9sekr\u0151l<\/li>\n<\/ul>\n<p>[\/et_pb_text][\/et_pb_column][\/et_pb_row][\/et_pb_section]<\/p>\n","protected":false},"excerpt":{"rendered":"<p>M\u00c9DIA \u00c9S PUBLIK\u00c1CI\u00d3KGal\u00e9riaT\u00e9rk\u00e9pekA bioszf\u00e9ra-rezerv\u00e1tummal kapcsolatos vizsg\u00e1latok Foly\u00f3k \u00e9s \u00e1rterek helyre\u00e1ll\u00edt\u00e1si lehet\u0151s\u00e9geinek \u00e9rt\u00e9kel\u00e9se a Mura\u2013Dr\u00e1va\u2013Duna Bioszf\u00e9ra Rezerv\u00e1tumban Jelent\u00e9s a hal\u00e1llom\u00e1ny \u00e1llapot\u00e1r\u00f3l Jelent\u00e9s a v\u00edzimadarak k\u00f6lt\u00e9s\u00e9r\u0151l Foly\u00f3szab\u00e1lyoz\u00e1s m\u0171t\u00e1rgyai \u00e9s t\u00f6rt\u00e9nelmi t\u00e9rk\u00e9pek Hordal\u00e9kmobiliz\u00e1ci\u00f3svizsg\u00e1lat Hordal\u00e9km\u00e9rleg \u00e9s -sz\u00e1ll\u00edt\u00e1s vizsg\u00e1lata \u00c9ghajlatv\u00e1ltoz\u00e1si vizsg\u00e1lat Hidrol\u00f3giai vizsg\u00e1lat Duzzaszt\u00e1si vizsg\u00e1lat \u00d6sszefoglal\u00f3 jelent\u00e9s a tudom\u00e1nyosan megalapozott sz\u00fcks\u00e9ges int\u00e9zked\u00e9sekr\u0151l<\/p>\n","protected":false},"author":3,"featured_media":0,"parent":0,"menu_order":0,"comment_status":"closed","ping_status":"closed","template":"","meta":{"_et_pb_use_builder":"on","_et_pb_old_content":"","_et_gb_content_width":"","footnotes":""},"class_list":["post-4392","page","type-page","status-publish","hentry"],"yoast_head":"<!-- This site is optimized with the Yoast SEO plugin v24.2 - https:\/\/yoast.com\/wordpress\/plugins\/seo\/ -->\n<title>M\u00e9dia \u00e9s publik\u00e1ci\u00f3k - Amazon of Europe<\/title>\n<meta name=\"robots\" content=\"index, follow, max-snippet:-1, max-image-preview:large, max-video-preview:-1\" \/>\n<link rel=\"canonical\" href=\"https:\/\/www.amazon-of-europe.com\/media-publications\/\" \/>\n<meta property=\"og:locale\" content=\"hu_HU\" \/>\n<meta property=\"og:type\" content=\"article\" \/>\n<meta property=\"og:title\" content=\"M\u00e9dia \u00e9s publik\u00e1ci\u00f3k - Amazon of Europe\" \/>\n<meta property=\"og:description\" content=\"M\u00c9DIA \u00c9S PUBLIK\u00c1CI\u00d3KGal\u00e9riaT\u00e9rk\u00e9pekA bioszf\u00e9ra-rezerv\u00e1tummal kapcsolatos vizsg\u00e1latok Foly\u00f3k \u00e9s \u00e1rterek helyre\u00e1ll\u00edt\u00e1si lehet\u0151s\u00e9geinek \u00e9rt\u00e9kel\u00e9se a Mura\u2013Dr\u00e1va\u2013Duna Bioszf\u00e9ra Rezerv\u00e1tumban Jelent\u00e9s a hal\u00e1llom\u00e1ny \u00e1llapot\u00e1r\u00f3l Jelent\u00e9s a v\u00edzimadarak k\u00f6lt\u00e9s\u00e9r\u0151l Foly\u00f3szab\u00e1lyoz\u00e1s m\u0171t\u00e1rgyai \u00e9s t\u00f6rt\u00e9nelmi t\u00e9rk\u00e9pek Hordal\u00e9kmobiliz\u00e1ci\u00f3svizsg\u00e1lat Hordal\u00e9km\u00e9rleg \u00e9s -sz\u00e1ll\u00edt\u00e1s vizsg\u00e1lata \u00c9ghajlatv\u00e1ltoz\u00e1si vizsg\u00e1lat Hidrol\u00f3giai vizsg\u00e1lat Duzzaszt\u00e1si vizsg\u00e1lat \u00d6sszefoglal\u00f3 jelent\u00e9s a tudom\u00e1nyosan megalapozott sz\u00fcks\u00e9ges int\u00e9zked\u00e9sekr\u0151l\" \/>\n<meta property=\"og:url\" content=\"https:\/\/www.amazon-of-europe.com\/media-publications\/\" \/>\n<meta property=\"og:site_name\" content=\"Amazon of Europe\" \/>\n<meta property=\"article:publisher\" content=\"https:\/\/www.facebook.com\/AmazonOfEurope\" \/>\n<meta property=\"article:modified_time\" content=\"2024-11-17T15:18:33+00:00\" \/>\n<meta name=\"twitter:card\" content=\"summary_large_image\" \/>\n<meta name=\"twitter:label1\" content=\"Becs\u00fclt olvas\u00e1si id\u0151\" \/>\n\t<meta name=\"twitter:data1\" content=\"4 perc\" \/>\n<script type=\"application\/ld+json\" class=\"yoast-schema-graph\">{\"@context\":\"https:\/\/schema.org\",\"@graph\":[{\"@type\":\"WebPage\",\"@id\":\"https:\/\/www.amazon-of-europe.com\/media-publications\/\",\"url\":\"https:\/\/www.amazon-of-europe.com\/media-publications\/\",\"name\":\"M\u00e9dia \u00e9s publik\u00e1ci\u00f3k - Amazon of Europe\",\"isPartOf\":{\"@id\":\"https:\/\/www.amazon-of-europe.com\/#website\"},\"datePublished\":\"2024-09-01T19:21:44+00:00\",\"dateModified\":\"2024-11-17T15:18:33+00:00\",\"breadcrumb\":{\"@id\":\"https:\/\/www.amazon-of-europe.com\/media-publications\/#breadcrumb\"},\"inLanguage\":\"hu\",\"potentialAction\":[{\"@type\":\"ReadAction\",\"target\":[\"https:\/\/www.amazon-of-europe.com\/media-publications\/\"]}]},{\"@type\":\"BreadcrumbList\",\"@id\":\"https:\/\/www.amazon-of-europe.com\/media-publications\/#breadcrumb\",\"itemListElement\":[{\"@type\":\"ListItem\",\"position\":1,\"name\":\"Home\",\"item\":\"https:\/\/www.amazon-of-europe.com\/\"},{\"@type\":\"ListItem\",\"position\":2,\"name\":\"M\u00e9dia \u00e9s publik\u00e1ci\u00f3k\"}]},{\"@type\":\"WebSite\",\"@id\":\"https:\/\/www.amazon-of-europe.com\/#website\",\"url\":\"https:\/\/www.amazon-of-europe.com\/\",\"name\":\"Amazon of Europe\",\"description\":\"WWF Austria\",\"publisher\":{\"@id\":\"https:\/\/www.amazon-of-europe.com\/#organization\"},\"potentialAction\":[{\"@type\":\"SearchAction\",\"target\":{\"@type\":\"EntryPoint\",\"urlTemplate\":\"https:\/\/www.amazon-of-europe.com\/?s={search_term_string}\"},\"query-input\":{\"@type\":\"PropertyValueSpecification\",\"valueRequired\":true,\"valueName\":\"search_term_string\"}}],\"inLanguage\":\"hu\"},{\"@type\":\"Organization\",\"@id\":\"https:\/\/www.amazon-of-europe.com\/#organization\",\"name\":\"Amazon of Europe\",\"url\":\"https:\/\/www.amazon-of-europe.com\/\",\"logo\":{\"@type\":\"ImageObject\",\"inLanguage\":\"hu\",\"@id\":\"https:\/\/www.amazon-of-europe.com\/#\/schema\/logo\/image\/\",\"url\":\"https:\/\/www.amazon-of-europe.com\/wp-content\/uploads\/2024\/09\/AOE_Logo.jpg\",\"contentUrl\":\"https:\/\/www.amazon-of-europe.com\/wp-content\/uploads\/2024\/09\/AOE_Logo.jpg\",\"width\":900,\"height\":384,\"caption\":\"Amazon of Europe\"},\"image\":{\"@id\":\"https:\/\/www.amazon-of-europe.com\/#\/schema\/logo\/image\/\"},\"sameAs\":[\"https:\/\/www.facebook.com\/AmazonOfEurope\"]}]}<\/script>\n<!-- \/ Yoast SEO plugin. -->","yoast_head_json":{"title":"M\u00e9dia \u00e9s publik\u00e1ci\u00f3k - Amazon of Europe","robots":{"index":"index","follow":"follow","max-snippet":"max-snippet:-1","max-image-preview":"max-image-preview:large","max-video-preview":"max-video-preview:-1"},"canonical":"https:\/\/www.amazon-of-europe.com\/media-publications\/","og_locale":"hu_HU","og_type":"article","og_title":"M\u00e9dia \u00e9s publik\u00e1ci\u00f3k - Amazon of Europe","og_description":"M\u00c9DIA \u00c9S PUBLIK\u00c1CI\u00d3KGal\u00e9riaT\u00e9rk\u00e9pekA bioszf\u00e9ra-rezerv\u00e1tummal kapcsolatos vizsg\u00e1latok Foly\u00f3k \u00e9s \u00e1rterek helyre\u00e1ll\u00edt\u00e1si lehet\u0151s\u00e9geinek \u00e9rt\u00e9kel\u00e9se a Mura\u2013Dr\u00e1va\u2013Duna Bioszf\u00e9ra Rezerv\u00e1tumban Jelent\u00e9s a hal\u00e1llom\u00e1ny \u00e1llapot\u00e1r\u00f3l Jelent\u00e9s a v\u00edzimadarak k\u00f6lt\u00e9s\u00e9r\u0151l Foly\u00f3szab\u00e1lyoz\u00e1s m\u0171t\u00e1rgyai \u00e9s t\u00f6rt\u00e9nelmi t\u00e9rk\u00e9pek Hordal\u00e9kmobiliz\u00e1ci\u00f3svizsg\u00e1lat Hordal\u00e9km\u00e9rleg \u00e9s -sz\u00e1ll\u00edt\u00e1s vizsg\u00e1lata \u00c9ghajlatv\u00e1ltoz\u00e1si vizsg\u00e1lat Hidrol\u00f3giai vizsg\u00e1lat Duzzaszt\u00e1si vizsg\u00e1lat \u00d6sszefoglal\u00f3 jelent\u00e9s a tudom\u00e1nyosan megalapozott sz\u00fcks\u00e9ges int\u00e9zked\u00e9sekr\u0151l","og_url":"https:\/\/www.amazon-of-europe.com\/media-publications\/","og_site_name":"Amazon of Europe","article_publisher":"https:\/\/www.facebook.com\/AmazonOfEurope","article_modified_time":"2024-11-17T15:18:33+00:00","twitter_card":"summary_large_image","twitter_misc":{"Becs\u00fclt olvas\u00e1si id\u0151":"4 perc"},"schema":{"@context":"https:\/\/schema.org","@graph":[{"@type":"WebPage","@id":"https:\/\/www.amazon-of-europe.com\/media-publications\/","url":"https:\/\/www.amazon-of-europe.com\/media-publications\/","name":"M\u00e9dia \u00e9s publik\u00e1ci\u00f3k - Amazon of Europe","isPartOf":{"@id":"https:\/\/www.amazon-of-europe.com\/#website"},"datePublished":"2024-09-01T19:21:44+00:00","dateModified":"2024-11-17T15:18:33+00:00","breadcrumb":{"@id":"https:\/\/www.amazon-of-europe.com\/media-publications\/#breadcrumb"},"inLanguage":"hu","potentialAction":[{"@type":"ReadAction","target":["https:\/\/www.amazon-of-europe.com\/media-publications\/"]}]},{"@type":"BreadcrumbList","@id":"https:\/\/www.amazon-of-europe.com\/media-publications\/#breadcrumb","itemListElement":[{"@type":"ListItem","position":1,"name":"Home","item":"https:\/\/www.amazon-of-europe.com\/"},{"@type":"ListItem","position":2,"name":"M\u00e9dia \u00e9s publik\u00e1ci\u00f3k"}]},{"@type":"WebSite","@id":"https:\/\/www.amazon-of-europe.com\/#website","url":"https:\/\/www.amazon-of-europe.com\/","name":"Amazon of Europe","description":"WWF Austria","publisher":{"@id":"https:\/\/www.amazon-of-europe.com\/#organization"},"potentialAction":[{"@type":"SearchAction","target":{"@type":"EntryPoint","urlTemplate":"https:\/\/www.amazon-of-europe.com\/?s={search_term_string}"},"query-input":{"@type":"PropertyValueSpecification","valueRequired":true,"valueName":"search_term_string"}}],"inLanguage":"hu"},{"@type":"Organization","@id":"https:\/\/www.amazon-of-europe.com\/#organization","name":"Amazon of Europe","url":"https:\/\/www.amazon-of-europe.com\/","logo":{"@type":"ImageObject","inLanguage":"hu","@id":"https:\/\/www.amazon-of-europe.com\/#\/schema\/logo\/image\/","url":"https:\/\/www.amazon-of-europe.com\/wp-content\/uploads\/2024\/09\/AOE_Logo.jpg","contentUrl":"https:\/\/www.amazon-of-europe.com\/wp-content\/uploads\/2024\/09\/AOE_Logo.jpg","width":900,"height":384,"caption":"Amazon of Europe"},"image":{"@id":"https:\/\/www.amazon-of-europe.com\/#\/schema\/logo\/image\/"},"sameAs":["https:\/\/www.facebook.com\/AmazonOfEurope"]}]}},"_links":{"self":[{"href":"https:\/\/www.amazon-of-europe.com\/hu\/wp-json\/wp\/v2\/pages\/4392","targetHints":{"allow":["GET"]}}],"collection":[{"href":"https:\/\/www.amazon-of-europe.com\/hu\/wp-json\/wp\/v2\/pages"}],"about":[{"href":"https:\/\/www.amazon-of-europe.com\/hu\/wp-json\/wp\/v2\/types\/page"}],"author":[{"embeddable":true,"href":"https:\/\/www.amazon-of-europe.com\/hu\/wp-json\/wp\/v2\/users\/3"}],"replies":[{"embeddable":true,"href":"https:\/\/www.amazon-of-europe.com\/hu\/wp-json\/wp\/v2\/comments?post=4392"}],"version-history":[{"count":3,"href":"https:\/\/www.amazon-of-europe.com\/hu\/wp-json\/wp\/v2\/pages\/4392\/revisions"}],"predecessor-version":[{"id":4517,"href":"https:\/\/www.amazon-of-europe.com\/hu\/wp-json\/wp\/v2\/pages\/4392\/revisions\/4517"}],"wp:attachment":[{"href":"https:\/\/www.amazon-of-europe.com\/hu\/wp-json\/wp\/v2\/media?parent=4392"}],"curies":[{"name":"wp","href":"https:\/\/api.w.org\/{rel}","templated":true}]}}