{"id":4053,"date":"2024-06-12T19:20:27","date_gmt":"2024-06-12T19:20:27","guid":{"rendered":"https:\/\/www.amazon-of-europe.com\/contact\/"},"modified":"2024-11-15T16:33:09","modified_gmt":"2024-11-15T16:33:09","slug":"kontakt","status":"publish","type":"page","link":"https:\/\/www.amazon-of-europe.com\/sl\/kontakt\/","title":{"rendered":"Kontakt"},"content":{"rendered":"<p>[et_pb_section fb_built=&#8221;1&#8243; _builder_version=&#8221;4.27.0&#8243; _module_preset=&#8221;default&#8221; background_color=&#8221;#A5BE8A&#8221; custom_margin=&#8221;0px||0px||false|false&#8221; custom_padding=&#8221;25px||10px||false|false&#8221; top_divider_color=&#8221;#7DAAAF&#8221; top_divider_height=&#8221;18px&#8221; top_divider_repeat=&#8221;25x&#8221; top_divider_height_tablet=&#8221;16px&#8221; top_divider_height_phone=&#8221;10px&#8221; top_divider_height_last_edited=&#8221;on|desktop&#8221; top_divider_repeat_tablet=&#8221;16x&#8221; top_divider_repeat_phone=&#8221;10x&#8221; top_divider_repeat_last_edited=&#8221;on|phone&#8221; bottom_divider_color=&#8221;#7DAAAF&#8221; bottom_divider_height=&#8221;25px&#8221; bottom_divider_repeat=&#8221;25x&#8221; bottom_divider_height_tablet=&#8221;16px&#8221; bottom_divider_height_phone=&#8221;10px&#8221; bottom_divider_height_last_edited=&#8221;on|phone&#8221; bottom_divider_repeat_tablet=&#8221;16x&#8221; bottom_divider_repeat_phone=&#8221;10x&#8221; bottom_divider_repeat_last_edited=&#8221;on|phone&#8221; border_color_top=&#8221;#d8e5e7&#8243; border_color_bottom=&#8221;#A5BE8A&#8221; locked=&#8221;off&#8221; global_colors_info=&#8221;{}&#8221;][et_pb_row _builder_version=&#8221;4.27.0&#8243; _module_preset=&#8221;default&#8221; width=&#8221;65%&#8221; width_tablet=&#8221;80%&#8221; width_phone=&#8221;80%&#8221; width_last_edited=&#8221;on|tablet&#8221; max_width=&#8221;900px&#8221; custom_margin=&#8221;0px||0px||false|false&#8221; custom_padding=&#8221;0px||0px||false|false&#8221; global_colors_info=&#8221;{}&#8221;][et_pb_column type=&#8221;4_4&#8243; _builder_version=&#8221;4.27.0&#8243; _module_preset=&#8221;default&#8221; global_colors_info=&#8221;{}&#8221;][et_pb_text _builder_version=&#8221;4.27.0&#8243; _module_preset=&#8221;default&#8221; header_text_color=&#8221;#FFFFFF&#8221; header_font_size=&#8221;45px&#8221; custom_margin=&#8221;0px||0px||false|false&#8221; custom_padding=&#8221;0px||0px||false|false&#8221; hover_enabled=&#8221;0&#8243; global_colors_info=&#8221;{}&#8221; sticky_enabled=&#8221;0&#8243;]<\/p>\n<h1>KONTAKT<\/h1>\n<p>[\/et_pb_text][\/et_pb_column][\/et_pb_row][\/et_pb_section][et_pb_section fb_built=&#8221;1&#8243; _builder_version=&#8221;4.27.0&#8243; _module_preset=&#8221;default&#8221; custom_margin=&#8221;0px||0px||false|false&#8221; custom_padding=&#8221;0px||0px||false|false&#8221; global_colors_info=&#8221;{}&#8221;][et_pb_row _builder_version=&#8221;4.27.0&#8243; _module_preset=&#8221;default&#8221; width=&#8221;65%&#8221; width_tablet=&#8221;80%&#8221; width_phone=&#8221;80%&#8221; width_last_edited=&#8221;on|desktop&#8221; max_width=&#8221;900px&#8221; module_alignment=&#8221;center&#8221; global_colors_info=&#8221;{}&#8221;][et_pb_column type=&#8221;4_4&#8243; _builder_version=&#8221;4.25.2&#8243; _module_preset=&#8221;default&#8221; global_colors_info=&#8221;{}&#8221;][et_pb_text _builder_version=&#8221;4.27.0&#8243; _module_preset=&#8221;default&#8221; text_font_size=&#8221;16px&#8221; text_line_height=&#8221;22px&#8221; link_font=&#8221;||||on|||#7DAAAF|&#8221; link_text_color=&#8221;#7DAAAF&#8221; header_2_text_color=&#8221;#7DAAAF&#8221; header_2_font_size=&#8221;35px&#8221; hover_enabled=&#8221;0&#8243; global_colors_info=&#8221;{}&#8221; sticky_enabled=&#8221;0&#8243;]<\/p>\n<p><span>Va\u0161a vpra\u0161anja, komentarji in povratne informacije o Evropski Amazonki so dobrodo\u0161la. Stopite v stik z nami s pomo\u010djo spodaj navedenih kontaktnih podatkov:<\/span><\/p>\n<p><strong>E-po\u0161ta:<\/strong> <a href=\"mailto:liferestoreformdd@wwf.at\u00a0\" target=\"_blank\" rel=\"noopener\">liferestoreformdd@wwf.at\u00a0<\/a><\/p>\n<p><strong>Naslov:<\/strong><br \/>Umweltverband WWF \u00d6sterreich (WORLD WIDE FUND FOR NATURE)<br \/>Ottakringer Stra\u00dfe 114-116<br \/>1160 Wien<br \/>Avstrija<\/p>\n<p><strong>Dru\u017eabni mediji:<\/strong><br \/>Sledite nam za novosti in novice o Evropski Amazonki:<\/p>\n<p>[\/et_pb_text][et_pb_social_media_follow icon_color=&#8221;#ffffff&#8221; _builder_version=&#8221;4.27.0&#8243; _module_preset=&#8221;default&#8221; custom_button=&#8221;on&#8221; button_bg_color=&#8221;#000000&#8243; text_orientation=&#8221;left&#8221; custom_margin=&#8221;20px||0px||false|false&#8221; custom_padding=&#8221;||0px||false|false&#8221; global_colors_info=&#8221;{}&#8221;][et_pb_social_media_follow_network social_network=&#8221;facebook&#8221; url=&#8221;https:\/\/www.facebook.com\/AmazonOfEurope&#8221; icon_color=&#8221;#FFFFFF&#8221; use_icon_font_size=&#8221;on&#8221; _builder_version=&#8221;4.25.2&#8243; _module_preset=&#8221;default&#8221; background_color=&#8221;#000000&#8243; background_enable_color=&#8221;on&#8221; border_radii=&#8221;on|20px|20px|20px|20px&#8221; global_colors_info=&#8221;{}&#8221; follow_button=&#8221;off&#8221; url_new_window=&#8221;on&#8221;]facebook[\/et_pb_social_media_follow_network][\/et_pb_social_media_follow][et_pb_text _builder_version=&#8221;4.27.0&#8243; _module_preset=&#8221;default&#8221; text_font_size=&#8221;16px&#8221; text_line_height=&#8221;22px&#8221; link_font=&#8221;||||on|||#7DAAAF|&#8221; link_text_color=&#8221;#7DAAAF&#8221; header_2_text_color=&#8221;#7DAAAF&#8221; header_2_font_size=&#8221;35px&#8221; hover_enabled=&#8221;0&#8243; global_colors_info=&#8221;{}&#8221; sticky_enabled=&#8221;0&#8243;]<\/p>\n<p><strong>Kontakt za medije:<\/strong><br \/>Za zahteve medijev se obrnite na <a href=\"mailto:jasmin.maier@wwf.at\" target=\"_blank\" rel=\"noopener\">jasmin.maier@wwf.at<\/a><\/p>\n<p><strong>Novice:<\/strong><br \/>Prijavite se na na\u0161e novice LIFE RESTORE za MDD, da boste dvakrat letno prejemali novice o najve\u010djem projektu za ohranjanje Evropske Amazonke.<\/p>\n<p>[\/et_pb_text][et_pb_button button_url=&#8221;https:\/\/www.amazon-of-europe.com\/sl\/novice-registracijo\/&#8221; button_text=&#8221;Obrazec za registracijo&#8221; button_alignment=&#8221;left&#8221; _builder_version=&#8221;4.27.0&#8243; _module_preset=&#8221;default&#8221; custom_button=&#8221;on&#8221; button_text_size=&#8221;22px&#8221; button_text_color=&#8221;#7DAAAF&#8221; button_bg_color=&#8221;#FFFFFF&#8221; button_border_radius=&#8221;50px&#8221; button_font=&#8221;Bebas Neue|700|||||||&#8221; custom_margin=&#8221;10px||||false|false&#8221; custom_padding=&#8221;10px||10px||false|false&#8221; hover_enabled=&#8221;0&#8243; global_colors_info=&#8221;{}&#8221; locked=&#8221;off&#8221; sticky_enabled=&#8221;0&#8243;][\/et_pb_button][et_pb_text _builder_version=&#8221;4.27.0&#8243; _module_preset=&#8221;default&#8221; text_font_size=&#8221;16px&#8221; text_line_height=&#8221;22px&#8221; header_2_text_color=&#8221;#7DAAAF&#8221; header_2_font_size=&#8221;35px&#8221; hover_enabled=&#8221;0&#8243; global_colors_info=&#8221;{}&#8221; sticky_enabled=&#8221;0&#8243;]<\/p>\n<p>Veselimo se va\u0161ih vpra\u0161anj in cenimo va\u0161e zanimanje za Evropsko Amazonko. Skupaj lahko pomagamo ohraniti ta unikatni re\u010dni ekosistem za prihodnje generacije.<\/p>\n<p>[\/et_pb_text][\/et_pb_column][\/et_pb_row][\/et_pb_section]<\/p>\n","protected":false},"excerpt":{"rendered":"<p>KONTAKTVa\u0161a vpra\u0161anja, komentarji in povratne informacije o Evropski Amazonki so dobrodo\u0161la. Stopite v stik z nami s pomo\u010djo spodaj navedenih kontaktnih podatkov: E-po\u0161ta: liferestoreformdd@wwf.at\u00a0 Naslov:Umweltverband WWF \u00d6sterreich (WORLD WIDE FUND FOR NATURE)Ottakringer Stra\u00dfe 114-1161160 WienAvstrija Dru\u017eabni mediji:Sledite nam za novosti in novice o Evropski Amazonki:Kontakt za medije:Za zahteve medijev se obrnite na jasmin.maier@wwf.at Novice:Prijavite se [&hellip;]<\/p>\n","protected":false},"author":3,"featured_media":0,"parent":0,"menu_order":0,"comment_status":"closed","ping_status":"closed","template":"","meta":{"_et_pb_use_builder":"on","_et_pb_old_content":"","_et_gb_content_width":"","footnotes":""},"class_list":["post-4053","page","type-page","status-publish","hentry"],"yoast_head":"<!-- This site is optimized with the Yoast SEO plugin v24.2 - https:\/\/yoast.com\/wordpress\/plugins\/seo\/ -->\n<title>Kontakt - Amazon of Europe<\/title>\n<meta name=\"robots\" content=\"index, follow, max-snippet:-1, max-image-preview:large, max-video-preview:-1\" \/>\n<link rel=\"canonical\" href=\"https:\/\/www.amazon-of-europe.com\/contact\/\" \/>\n<meta property=\"og:locale\" content=\"sl_SI\" \/>\n<meta property=\"og:type\" content=\"article\" \/>\n<meta property=\"og:title\" content=\"Kontakt - Amazon of Europe\" \/>\n<meta property=\"og:description\" content=\"KONTAKTVa\u0161a vpra\u0161anja, komentarji in povratne informacije o Evropski Amazonki so dobrodo\u0161la. Stopite v stik z nami s pomo\u010djo spodaj navedenih kontaktnih podatkov: E-po\u0161ta: liferestoreformdd@wwf.at\u00a0 Naslov:Umweltverband WWF \u00d6sterreich (WORLD WIDE FUND FOR NATURE)Ottakringer Stra\u00dfe 114-1161160 WienAvstrija Dru\u017eabni mediji:Sledite nam za novosti in novice o Evropski Amazonki:Kontakt za medije:Za zahteve medijev se obrnite na jasmin.maier@wwf.at Novice:Prijavite se [&hellip;]\" \/>\n<meta property=\"og:url\" content=\"https:\/\/www.amazon-of-europe.com\/contact\/\" \/>\n<meta property=\"og:site_name\" content=\"Amazon of Europe\" \/>\n<meta property=\"article:publisher\" content=\"https:\/\/www.facebook.com\/AmazonOfEurope\" \/>\n<meta property=\"article:modified_time\" content=\"2024-11-15T16:33:09+00:00\" \/>\n<meta name=\"twitter:card\" content=\"summary_large_image\" \/>\n<meta name=\"twitter:label1\" content=\"Est. reading time\" \/>\n\t<meta name=\"twitter:data1\" content=\"4 minute\" \/>\n<script type=\"application\/ld+json\" class=\"yoast-schema-graph\">{\"@context\":\"https:\/\/schema.org\",\"@graph\":[{\"@type\":\"WebPage\",\"@id\":\"https:\/\/www.amazon-of-europe.com\/contact\/\",\"url\":\"https:\/\/www.amazon-of-europe.com\/contact\/\",\"name\":\"Kontakt - Amazon of Europe\",\"isPartOf\":{\"@id\":\"https:\/\/www.amazon-of-europe.com\/#website\"},\"datePublished\":\"2024-06-12T19:20:27+00:00\",\"dateModified\":\"2024-11-15T16:33:09+00:00\",\"breadcrumb\":{\"@id\":\"https:\/\/www.amazon-of-europe.com\/contact\/#breadcrumb\"},\"inLanguage\":\"sl-SI\",\"potentialAction\":[{\"@type\":\"ReadAction\",\"target\":[\"https:\/\/www.amazon-of-europe.com\/contact\/\"]}]},{\"@type\":\"BreadcrumbList\",\"@id\":\"https:\/\/www.amazon-of-europe.com\/contact\/#breadcrumb\",\"itemListElement\":[{\"@type\":\"ListItem\",\"position\":1,\"name\":\"Home\",\"item\":\"https:\/\/www.amazon-of-europe.com\/\"},{\"@type\":\"ListItem\",\"position\":2,\"name\":\"Kontakt\"}]},{\"@type\":\"WebSite\",\"@id\":\"https:\/\/www.amazon-of-europe.com\/#website\",\"url\":\"https:\/\/www.amazon-of-europe.com\/\",\"name\":\"Amazon of Europe\",\"description\":\"WWF Austria\",\"publisher\":{\"@id\":\"https:\/\/www.amazon-of-europe.com\/#organization\"},\"potentialAction\":[{\"@type\":\"SearchAction\",\"target\":{\"@type\":\"EntryPoint\",\"urlTemplate\":\"https:\/\/www.amazon-of-europe.com\/?s={search_term_string}\"},\"query-input\":{\"@type\":\"PropertyValueSpecification\",\"valueRequired\":true,\"valueName\":\"search_term_string\"}}],\"inLanguage\":\"sl-SI\"},{\"@type\":\"Organization\",\"@id\":\"https:\/\/www.amazon-of-europe.com\/#organization\",\"name\":\"Amazon of Europe\",\"url\":\"https:\/\/www.amazon-of-europe.com\/\",\"logo\":{\"@type\":\"ImageObject\",\"inLanguage\":\"sl-SI\",\"@id\":\"https:\/\/www.amazon-of-europe.com\/#\/schema\/logo\/image\/\",\"url\":\"https:\/\/www.amazon-of-europe.com\/wp-content\/uploads\/2024\/09\/AOE_Logo.jpg\",\"contentUrl\":\"https:\/\/www.amazon-of-europe.com\/wp-content\/uploads\/2024\/09\/AOE_Logo.jpg\",\"width\":900,\"height\":384,\"caption\":\"Amazon of Europe\"},\"image\":{\"@id\":\"https:\/\/www.amazon-of-europe.com\/#\/schema\/logo\/image\/\"},\"sameAs\":[\"https:\/\/www.facebook.com\/AmazonOfEurope\"]}]}<\/script>\n<!-- \/ Yoast SEO plugin. -->","yoast_head_json":{"title":"Kontakt - Amazon of Europe","robots":{"index":"index","follow":"follow","max-snippet":"max-snippet:-1","max-image-preview":"max-image-preview:large","max-video-preview":"max-video-preview:-1"},"canonical":"https:\/\/www.amazon-of-europe.com\/contact\/","og_locale":"sl_SI","og_type":"article","og_title":"Kontakt - Amazon of Europe","og_description":"KONTAKTVa\u0161a vpra\u0161anja, komentarji in povratne informacije o Evropski Amazonki so dobrodo\u0161la. Stopite v stik z nami s pomo\u010djo spodaj navedenih kontaktnih podatkov: E-po\u0161ta: liferestoreformdd@wwf.at\u00a0 Naslov:Umweltverband WWF \u00d6sterreich (WORLD WIDE FUND FOR NATURE)Ottakringer Stra\u00dfe 114-1161160 WienAvstrija Dru\u017eabni mediji:Sledite nam za novosti in novice o Evropski Amazonki:Kontakt za medije:Za zahteve medijev se obrnite na jasmin.maier@wwf.at Novice:Prijavite se [&hellip;]","og_url":"https:\/\/www.amazon-of-europe.com\/contact\/","og_site_name":"Amazon of Europe","article_publisher":"https:\/\/www.facebook.com\/AmazonOfEurope","article_modified_time":"2024-11-15T16:33:09+00:00","twitter_card":"summary_large_image","twitter_misc":{"Est. reading time":"4 minute"},"schema":{"@context":"https:\/\/schema.org","@graph":[{"@type":"WebPage","@id":"https:\/\/www.amazon-of-europe.com\/contact\/","url":"https:\/\/www.amazon-of-europe.com\/contact\/","name":"Kontakt - Amazon of Europe","isPartOf":{"@id":"https:\/\/www.amazon-of-europe.com\/#website"},"datePublished":"2024-06-12T19:20:27+00:00","dateModified":"2024-11-15T16:33:09+00:00","breadcrumb":{"@id":"https:\/\/www.amazon-of-europe.com\/contact\/#breadcrumb"},"inLanguage":"sl-SI","potentialAction":[{"@type":"ReadAction","target":["https:\/\/www.amazon-of-europe.com\/contact\/"]}]},{"@type":"BreadcrumbList","@id":"https:\/\/www.amazon-of-europe.com\/contact\/#breadcrumb","itemListElement":[{"@type":"ListItem","position":1,"name":"Home","item":"https:\/\/www.amazon-of-europe.com\/"},{"@type":"ListItem","position":2,"name":"Kontakt"}]},{"@type":"WebSite","@id":"https:\/\/www.amazon-of-europe.com\/#website","url":"https:\/\/www.amazon-of-europe.com\/","name":"Amazon of Europe","description":"WWF Austria","publisher":{"@id":"https:\/\/www.amazon-of-europe.com\/#organization"},"potentialAction":[{"@type":"SearchAction","target":{"@type":"EntryPoint","urlTemplate":"https:\/\/www.amazon-of-europe.com\/?s={search_term_string}"},"query-input":{"@type":"PropertyValueSpecification","valueRequired":true,"valueName":"search_term_string"}}],"inLanguage":"sl-SI"},{"@type":"Organization","@id":"https:\/\/www.amazon-of-europe.com\/#organization","name":"Amazon of Europe","url":"https:\/\/www.amazon-of-europe.com\/","logo":{"@type":"ImageObject","inLanguage":"sl-SI","@id":"https:\/\/www.amazon-of-europe.com\/#\/schema\/logo\/image\/","url":"https:\/\/www.amazon-of-europe.com\/wp-content\/uploads\/2024\/09\/AOE_Logo.jpg","contentUrl":"https:\/\/www.amazon-of-europe.com\/wp-content\/uploads\/2024\/09\/AOE_Logo.jpg","width":900,"height":384,"caption":"Amazon of Europe"},"image":{"@id":"https:\/\/www.amazon-of-europe.com\/#\/schema\/logo\/image\/"},"sameAs":["https:\/\/www.facebook.com\/AmazonOfEurope"]}]}},"_links":{"self":[{"href":"https:\/\/www.amazon-of-europe.com\/sl\/wp-json\/wp\/v2\/pages\/4053","targetHints":{"allow":["GET"]}}],"collection":[{"href":"https:\/\/www.amazon-of-europe.com\/sl\/wp-json\/wp\/v2\/pages"}],"about":[{"href":"https:\/\/www.amazon-of-europe.com\/sl\/wp-json\/wp\/v2\/types\/page"}],"author":[{"embeddable":true,"href":"https:\/\/www.amazon-of-europe.com\/sl\/wp-json\/wp\/v2\/users\/3"}],"replies":[{"embeddable":true,"href":"https:\/\/www.amazon-of-europe.com\/sl\/wp-json\/wp\/v2\/comments?post=4053"}],"version-history":[{"count":3,"href":"https:\/\/www.amazon-of-europe.com\/sl\/wp-json\/wp\/v2\/pages\/4053\/revisions"}],"predecessor-version":[{"id":4162,"href":"https:\/\/www.amazon-of-europe.com\/sl\/wp-json\/wp\/v2\/pages\/4053\/revisions\/4162"}],"wp:attachment":[{"href":"https:\/\/www.amazon-of-europe.com\/sl\/wp-json\/wp\/v2\/media?parent=4053"}],"curies":[{"name":"wp","href":"https:\/\/api.w.org\/{rel}","templated":true}]}}