{"id":4070,"date":"2024-09-01T10:12:54","date_gmt":"2024-09-01T10:12:54","guid":{"rendered":"https:\/\/www.amazon-of-europe.com\/projects\/elp\/"},"modified":"2025-02-05T15:38:07","modified_gmt":"2025-02-05T15:38:07","slug":"elsp","status":"publish","type":"page","link":"https:\/\/www.amazon-of-europe.com\/sl\/projekti\/elsp\/","title":{"rendered":"Restoring the Amazon of Europe"},"content":{"rendered":"<p>[et_pb_section fb_built=&#8221;1&#8243; _builder_version=&#8221;4.27.0&#8243; _module_preset=&#8221;default&#8221; background_color=&#8221;#A5BE8A&#8221; custom_margin=&#8221;0px||0px||false|false&#8221; custom_padding=&#8221;25px||10px||false|false&#8221; top_divider_color=&#8221;#7DAAAF&#8221; top_divider_height=&#8221;18px&#8221; top_divider_repeat=&#8221;25x&#8221; top_divider_height_tablet=&#8221;16px&#8221; top_divider_height_phone=&#8221;10px&#8221; top_divider_height_last_edited=&#8221;on|desktop&#8221; top_divider_repeat_tablet=&#8221;16x&#8221; top_divider_repeat_phone=&#8221;10x&#8221; top_divider_repeat_last_edited=&#8221;on|phone&#8221; bottom_divider_color=&#8221;#7DAAAF&#8221; bottom_divider_height=&#8221;25px&#8221; bottom_divider_repeat=&#8221;25x&#8221; bottom_divider_height_tablet=&#8221;16px&#8221; bottom_divider_height_phone=&#8221;10px&#8221; bottom_divider_height_last_edited=&#8221;on|phone&#8221; bottom_divider_repeat_tablet=&#8221;16x&#8221; bottom_divider_repeat_phone=&#8221;10x&#8221; bottom_divider_repeat_last_edited=&#8221;on|phone&#8221; border_color_top=&#8221;#d8e5e7&#8243; border_color_bottom=&#8221;#A5BE8A&#8221; locked=&#8221;off&#8221; global_colors_info=&#8221;{}&#8221;][et_pb_row _builder_version=&#8221;4.27.0&#8243; _module_preset=&#8221;default&#8221; width=&#8221;65%&#8221; width_tablet=&#8221;80%&#8221; width_phone=&#8221;80%&#8221; width_last_edited=&#8221;on|tablet&#8221; max_width=&#8221;900px&#8221; custom_margin=&#8221;0px||0px||false|false&#8221; custom_padding=&#8221;0px||0px||false|false&#8221; global_colors_info=&#8221;{}&#8221;][et_pb_column type=&#8221;4_4&#8243; _builder_version=&#8221;4.27.0&#8243; _module_preset=&#8221;default&#8221; global_colors_info=&#8221;{}&#8221;][et_pb_text _builder_version=&#8221;4.27.0&#8243; _module_preset=&#8221;default&#8221; header_text_color=&#8221;#FFFFFF&#8221; header_font_size=&#8221;45px&#8221; custom_margin=&#8221;0px||0px||false|false&#8221; custom_padding=&#8221;0px||0px||false|false&#8221; hover_enabled=&#8221;0&#8243; global_colors_info=&#8221;{}&#8221; sticky_enabled=&#8221;0&#8243;]<\/p>\n<h1>Restoring the Amazon of Europe<\/h1>\n<p>[\/et_pb_text][\/et_pb_column][\/et_pb_row][\/et_pb_section][et_pb_section fb_built=&#8221;1&#8243; _builder_version=&#8221;4.27.0&#8243; _module_preset=&#8221;default&#8221; custom_margin=&#8221;0px||0px||false|false&#8221; custom_padding=&#8221;0px||0px||false|false&#8221; global_colors_info=&#8221;{}&#8221;][et_pb_row _builder_version=&#8221;4.27.0&#8243; _module_preset=&#8221;default&#8221; width=&#8221;65%&#8221; width_tablet=&#8221;80%&#8221; width_phone=&#8221;80%&#8221; width_last_edited=&#8221;on|desktop&#8221; max_width=&#8221;900px&#8221; module_alignment=&#8221;center&#8221; global_colors_info=&#8221;{}&#8221;][et_pb_column type=&#8221;4_4&#8243; _builder_version=&#8221;4.25.2&#8243; _module_preset=&#8221;default&#8221; global_colors_info=&#8221;{}&#8221;][et_pb_text _builder_version=&#8221;4.27.0&#8243; _module_preset=&#8221;default&#8221; text_font_size=&#8221;16px&#8221; text_line_height=&#8221;22px&#8221; header_2_text_color=&#8221;#7DAAAF&#8221; header_2_font_size=&#8221;35px&#8221; hover_enabled=&#8221;0&#8243; global_colors_info=&#8221;{}&#8221; sticky_enabled=&#8221;0&#8243;]<\/p>\n<h2>Obnova Evropske Amazonke \u2013 program za ogro\u017eene kopenske in morske krajine<\/h2>\n<p>UNESCO Petdr\u017eavno biosferno obmo\u010dje Mura-Drava-Donava (TBR MDD) je prvo varovano re\u010dno obmo\u010dje v petih dr\u017eavah. Projekt prispeva k razvoju TBR MDD, in sicer s sodelovanjem z lokalnimi skupnostmi in vzpostavitvijo Delovne skupine za obnovo (RTF \u2013 Restoration Task Force), ki osve\u0161\u010da o obnovi \u0161tirih klju\u010dnih habitatov (1.100 ha), spodbuja nadaljnjo obnovo in omogo\u010da prehod na sonaravno gospodarstvo. Projekt bo vzpostavil interdisciplinarni dialog, pripravil kapacitete in zagovarjal pove\u010danje obsega obnove pokrajine, hkrati pa bo spodbujal rezervat kot vzor\u010dni primer za na naravi temelje\u010de re\u0161itvet6 (NbS \u2013 nature-based solutions) po celem svetu. RTF bo pomagal novemu Odboru za usmerjanje TBR MDD pri trajnostnem upravljanju pokrajine in se osredoto\u010dil na obnovo in na naravi temelje\u010de re\u0161itve. Pionirski projekt bo vzpostavil sodelovanje s kmetijskim sektorjem in odklenil obnovo mokrih travi\u0161\u010d v prihodnosti, izbolj\u0161al hidromorfolo\u0161ke pogoje ter prikazal prednosti naravnega upravljanja z gozdovi in hkratne zamenjave neavtohtonega gozda s klimatsko odpornim avtohtonim gozdom.<\/p>\n<p>[\/et_pb_text][\/et_pb_column][\/et_pb_row][\/et_pb_section][et_pb_section fb_built=&#8221;1&#8243; _builder_version=&#8221;4.27.0&#8243; _module_preset=&#8221;default&#8221; background_color=&#8221;#A5BE8A&#8221; custom_margin=&#8221;0px||0px||false|false&#8221; custom_padding=&#8221;25px||25px||false|false&#8221; top_divider_color=&#8221;#7DAAAF&#8221; top_divider_height=&#8221;18px&#8221; top_divider_repeat=&#8221;25x&#8221; top_divider_height_tablet=&#8221;16px&#8221; top_divider_height_phone=&#8221;10px&#8221; top_divider_height_last_edited=&#8221;on|desktop&#8221; top_divider_repeat_tablet=&#8221;16x&#8221; top_divider_repeat_phone=&#8221;10x&#8221; top_divider_repeat_last_edited=&#8221;on|phone&#8221; bottom_divider_color=&#8221;#7DAAAF&#8221; bottom_divider_height=&#8221;25px&#8221; bottom_divider_repeat=&#8221;25x&#8221; bottom_divider_height_tablet=&#8221;16px&#8221; bottom_divider_height_phone=&#8221;10px&#8221; bottom_divider_height_last_edited=&#8221;on|phone&#8221; bottom_divider_repeat_tablet=&#8221;16x&#8221; bottom_divider_repeat_phone=&#8221;10x&#8221; bottom_divider_repeat_last_edited=&#8221;on|phone&#8221; border_color_top=&#8221;#d8e5e7&#8243; border_color_bottom=&#8221;#A5BE8A&#8221; locked=&#8221;off&#8221; global_colors_info=&#8221;{}&#8221;][et_pb_row column_structure=&#8221;1_3,1_3,1_3&#8243; use_custom_gutter=&#8221;on&#8221; gutter_width=&#8221;2&#8243; module_class=&#8221;project-counter&#8221; _builder_version=&#8221;4.27.0&#8243; _module_preset=&#8221;default&#8221; width=&#8221;65%&#8221; max_width=&#8221;900px&#8221; custom_margin=&#8221;0px||0px||false|false&#8221; custom_padding=&#8221;0px||0px||false|false&#8221; global_colors_info=&#8221;{}&#8221;][et_pb_column type=&#8221;1_3&#8243; _builder_version=&#8221;4.25.1&#8243; _module_preset=&#8221;default&#8221; global_colors_info=&#8221;{}&#8221;][et_pb_text _builder_version=&#8221;4.27.0&#8243; _module_preset=&#8221;default&#8221; text_text_color=&#8221;#FFFFFF&#8221; text_font_size=&#8221;16px&#8221; text_line_height=&#8221;22px&#8221; header_2_text_align=&#8221;center&#8221; header_2_text_color=&#8221;#FFFFFF&#8221; header_2_font_size=&#8221;35px&#8221; text_orientation=&#8221;center&#8221; custom_padding=&#8221;20px||||false|false&#8221; global_colors_info=&#8221;{}&#8221;]<\/p>\n<h2>Klju\u010dni habitati<\/h2>\n<p>Mokrotna travi\u0161\u010da, <br \/>reke in poplavni gozdovi.<\/p>\n<p>[\/et_pb_text][\/et_pb_column][et_pb_column type=&#8221;1_3&#8243; _builder_version=&#8221;4.27.0&#8243; _module_preset=&#8221;default&#8221; border_width_right=&#8221;2px&#8221; border_color_right=&#8221;#FFFFFF&#8221; border_width_left=&#8221;2px&#8221; border_color_left=&#8221;#FFFFFF&#8221; border_width_right_tablet=&#8221;0px&#8221; border_width_right_phone=&#8221;0px&#8221; border_width_right_last_edited=&#8221;on|tablet&#8221; border_width_left_tablet=&#8221;0px&#8221; border_width_left_phone=&#8221;0px&#8221; border_width_left_last_edited=&#8221;on|tablet&#8221; global_colors_info=&#8221;{}&#8221;][et_pb_text _builder_version=&#8221;4.27.0&#8243; _module_preset=&#8221;default&#8221; text_text_color=&#8221;#FFFFFF&#8221; text_font_size=&#8221;16px&#8221; text_line_height=&#8221;22px&#8221; header_2_text_align=&#8221;center&#8221; header_2_text_color=&#8221;#FFFFFF&#8221; header_2_font_size=&#8221;35px&#8221; text_orientation=&#8221;center&#8221; custom_margin_tablet=&#8221;&#8221; custom_margin_phone=&#8221;&#8221; custom_margin_last_edited=&#8221;on|desktop&#8221; custom_padding=&#8221;20px|10px|20px|10px|false|false&#8221; border_color_top=&#8221;#FFFFFF&#8221; border_color_bottom=&#8221;#FFFFFF&#8221; border_width_top_tablet=&#8221;&#8221; border_width_top_phone=&#8221;2px&#8221; border_width_top_last_edited=&#8221;on|phone&#8221; border_width_bottom_tablet=&#8221;&#8221; border_width_bottom_phone=&#8221;2px&#8221; border_width_bottom_last_edited=&#8221;on|phone&#8221; global_colors_info=&#8221;{}&#8221;]<\/p>\n<h2>Izpostavljene vrste<\/h2>\n<p>\u010crna \u0161torklja, belorepec, \u010daplje, vodomec, breguljka, panonski pupek,<br \/>velika sen\u010dica, vidra, bober, mo\u010dvirski cekin\u010dek, petelin\u010dek.<\/p>\n<p>[\/et_pb_text][\/et_pb_column][et_pb_column type=&#8221;1_3&#8243; _builder_version=&#8221;4.25.1&#8243; _module_preset=&#8221;default&#8221; global_colors_info=&#8221;{}&#8221;][et_pb_text _builder_version=&#8221;4.27.0&#8243; _module_preset=&#8221;default&#8221; text_text_color=&#8221;#FFFFFF&#8221; text_font_size=&#8221;16px&#8221; text_line_height=&#8221;22px&#8221; header_2_text_align=&#8221;center&#8221; header_2_text_color=&#8221;#FFFFFF&#8221; header_2_font_size=&#8221;35px&#8221; text_orientation=&#8221;center&#8221; module_alignment=&#8221;left&#8221; custom_padding=&#8221;20px||||false|false&#8221; global_colors_info=&#8221;{}&#8221;]<\/p>\n<h2>\u010casovni okvir projekta<\/h2>\n<p>Datum za\u010detka: 1. december 2022<br \/>\nDatum zaklju\u010dka: 30. september 2027[\/et_pb_text][\/et_pb_column][\/et_pb_row][\/et_pb_section][et_pb_section fb_built=&#8221;1&#8243; _builder_version=&#8221;4.27.0&#8243; _module_preset=&#8221;default&#8221; custom_margin=&#8221;0px||0px||false|false&#8221; custom_padding=&#8221;0px||0px||false|false&#8221; global_colors_info=&#8221;{}&#8221;][et_pb_row module_id=&#8221;measures&#8221; _builder_version=&#8221;4.27.0&#8243; _module_preset=&#8221;default&#8221; width=&#8221;65%&#8221; width_tablet=&#8221;80%&#8221; width_phone=&#8221;80%&#8221; width_last_edited=&#8221;on|tablet&#8221; max_width=&#8221;900px&#8221; custom_margin=&#8221;25px||0px||false|false&#8221; custom_padding=&#8221;6px||0px||false|false&#8221; locked=&#8221;off&#8221; global_colors_info=&#8221;{}&#8221;][et_pb_column type=&#8221;4_4&#8243; _builder_version=&#8221;4.27.0&#8243; _module_preset=&#8221;default&#8221; global_colors_info=&#8221;{}&#8221;][et_pb_text _builder_version=&#8221;4.27.0&#8243; _module_preset=&#8221;default&#8221; header_2_text_color=&#8221;#7DAAAF&#8221; header_2_font_size=&#8221;35px&#8221; custom_margin=&#8221;||0px||false|false&#8221; custom_padding=&#8221;||0px||false|false&#8221; global_colors_info=&#8221;{}&#8221;]<\/p>\n<h2>Projektni partnerji<\/h2>\n<p>[\/et_pb_text][dmpro_carousel columns=&#8221;3&#8243; space_between=&#8221;10&#8243; loop=&#8221;on&#8221; autoplay=&#8221;on&#8221; navigation=&#8221;on&#8221; navigation_prev_icon_yn=&#8221;on&#8221; navigation_prev_icon=&#8221;&#x23;||divi||400&#8243; navigation_next_icon_yn=&#8221;on&#8221; navigation_next_icon=&#8221;&#x24;||divi||400&#8243; navigation_color=&#8221;#FFFFFF&#8221; navigation_bg_color=&#8221;#7DAAAF&#8221; navigation_circle=&#8221;on&#8221; _builder_version=&#8221;4.27.0&#8243; _module_preset=&#8221;default&#8221; custom_margin=&#8221;||||false|false&#8221; custom_padding=&#8221;||||false|false&#8221; border_width_all_item=&#8221;1px&#8221; border_color_all_item=&#8221;#7DAAAF&#8221; global_colors_info=&#8221;{}&#8221;][dmpro_carousel_child title=&#8221;hrvatske vode&#8221; img_src=&#8221;https:\/\/www.amazon-of-europe.com\/wp-content\/uploads\/2024\/09\/vode_1.jpg&#8221; _builder_version=&#8221;4.27.0&#8243; _module_preset=&#8221;default&#8221; custom_padding=&#8221;|10px||10px|false|false&#8221; link_option_url=&#8221;https:\/\/voda.hr\/en&#8221; link_option_url_new_window=&#8221;on&#8221; global_colors_info=&#8221;{}&#8221;][\/dmpro_carousel_child][dmpro_carousel_child title=&#8221;wwf&#8221; img_src=&#8221;https:\/\/www.amazon-of-europe.com\/wp-content\/uploads\/2024\/10\/wwf-austria.jpg&#8221; _builder_version=&#8221;4.27.0&#8243; _module_preset=&#8221;default&#8221; link_option_url=&#8221;https:\/\/www.wwf.at\/&#8221; link_option_url_new_window=&#8221;on&#8221; global_colors_info=&#8221;{}&#8221;][\/dmpro_carousel_child][dmpro_carousel_child title=&#8221;zavod&#8221; img_src=&#8221;https:\/\/www.amazon-of-europe.com\/wp-content\/uploads\/2024\/09\/Institut_1.jpg&#8221; _builder_version=&#8221;4.27.0&#8243; _module_preset=&#8221;default&#8221; custom_padding=&#8221;|10px||10px|false|false&#8221; link_option_url=&#8221;https:\/\/zrsvn-varstvonarave.si\/&#8221; link_option_url_new_window=&#8221;on&#8221; global_colors_info=&#8221;{}&#8221;][\/dmpro_carousel_child][dmpro_carousel_child title=&#8221;kopacki&#8221; img_src=&#8221;https:\/\/www.amazon-of-europe.com\/wp-content\/uploads\/2024\/10\/kopacki.jpg&#8221; _builder_version=&#8221;4.27.0&#8243; _module_preset=&#8221;default&#8221; custom_padding=&#8221;|10px||10px|false|false&#8221; link_option_url=&#8221;https:\/\/pp-kopacki-rit.hr\/?lang=en&#8221; link_option_url_new_window=&#8221;on&#8221; global_colors_info=&#8221;{}&#8221;][\/dmpro_carousel_child][dmpro_carousel_child title=&#8221;wwf&#8221; img_src=&#8221;https:\/\/www.amazon-of-europe.com\/wp-content\/uploads\/2024\/10\/wwf-adria.jpg&#8221; _builder_version=&#8221;4.27.0&#8243; _module_preset=&#8221;default&#8221; link_option_url=&#8221;https:\/\/www.wwfadria.org\/&#8221; link_option_url_new_window=&#8221;on&#8221; global_colors_info=&#8221;{}&#8221;][\/dmpro_carousel_child][dmpro_carousel_child title=&#8221;vojvod&#8221; img_src=&#8221;https:\/\/www.amazon-of-europe.com\/wp-content\/uploads\/2024\/09\/Vojvo_11.jpg&#8221; _builder_version=&#8221;4.27.0&#8243; _module_preset=&#8221;default&#8221; custom_padding=&#8221;|10px||10px|false|false&#8221; link_option_url=&#8221;https:\/\/www.vojvodinasume.rs\/en\/&#8221; link_option_url_new_window=&#8221;on&#8221; global_colors_info=&#8221;{}&#8221;][\/dmpro_carousel_child][dmpro_carousel_child title=&#8221;wwf-hu&#8221; img_src=&#8221;https:\/\/www.amazon-of-europe.com\/wp-content\/uploads\/2024\/10\/wwf-hungary.jpg&#8221; _builder_version=&#8221;4.27.0&#8243; _module_preset=&#8221;default&#8221; link_option_url=&#8221;https:\/\/wwf.hu\/en\/home\/&#8221; link_option_url_new_window=&#8221;on&#8221; global_colors_info=&#8221;{}&#8221;][\/dmpro_carousel_child][\/dmpro_carousel][et_pb_text _builder_version=&#8221;4.27.0&#8243; _module_preset=&#8221;default&#8221; header_2_text_color=&#8221;#7DAAAF&#8221; custom_margin=&#8221;20px||||false|false&#8221; custom_padding=&#8221;||40px||false|false&#8221; global_colors_info=&#8221;{}&#8221;]<\/p>\n<p>Vodja projekta: WWF-Adria \u2013 Zveza za za\u0161\u010dito narave in ohranjanje biolo\u0161ke raznolikosti<\/p>\n<p>Za ve\u010d informacij obi\u0161\u010dite spletno stran Ogro\u017eene kopenske in morske krajine (Endangered Landscapes &amp; Seascapes Programme).<\/p>\n<p>[\/et_pb_text][\/et_pb_column][\/et_pb_row][\/et_pb_section]<\/p>\n","protected":false},"excerpt":{"rendered":"<p>Restoring the Amazon of EuropeObnova Evropske Amazonke \u2013 program za ogro\u017eene kopenske in morske krajine UNESCO Petdr\u017eavno biosferno obmo\u010dje Mura-Drava-Donava (TBR MDD) je prvo varovano re\u010dno obmo\u010dje v petih dr\u017eavah. Projekt prispeva k razvoju TBR MDD, in sicer s sodelovanjem z lokalnimi skupnostmi in vzpostavitvijo Delovne skupine za obnovo (RTF \u2013 Restoration Task Force), ki [&hellip;]<\/p>\n","protected":false},"author":3,"featured_media":0,"parent":4067,"menu_order":0,"comment_status":"closed","ping_status":"closed","template":"","meta":{"_et_pb_use_builder":"on","_et_pb_old_content":"","_et_gb_content_width":"","footnotes":""},"class_list":["post-4070","page","type-page","status-publish","hentry"],"yoast_head":"<!-- This site is optimized with the Yoast SEO plugin v24.2 - https:\/\/yoast.com\/wordpress\/plugins\/seo\/ -->\n<title>Restoring the Amazon of Europe - Amazon of Europe<\/title>\n<meta name=\"robots\" content=\"index, follow, max-snippet:-1, max-image-preview:large, max-video-preview:-1\" \/>\n<link rel=\"canonical\" href=\"https:\/\/www.amazon-of-europe.com\/sl\/projekti\/elsp\/\" \/>\n<meta property=\"og:locale\" content=\"sl_SI\" \/>\n<meta property=\"og:type\" content=\"article\" \/>\n<meta property=\"og:title\" content=\"Restoring the Amazon of Europe - Amazon of Europe\" \/>\n<meta property=\"og:description\" content=\"Restoring the Amazon of EuropeObnova Evropske Amazonke \u2013 program za ogro\u017eene kopenske in morske krajine UNESCO Petdr\u017eavno biosferno obmo\u010dje Mura-Drava-Donava (TBR MDD) je prvo varovano re\u010dno obmo\u010dje v petih dr\u017eavah. Projekt prispeva k razvoju TBR MDD, in sicer s sodelovanjem z lokalnimi skupnostmi in vzpostavitvijo Delovne skupine za obnovo (RTF \u2013 Restoration Task Force), ki [&hellip;]\" \/>\n<meta property=\"og:url\" content=\"https:\/\/www.amazon-of-europe.com\/sl\/projekti\/elsp\/\" \/>\n<meta property=\"og:site_name\" content=\"Amazon of Europe\" \/>\n<meta property=\"article:publisher\" content=\"https:\/\/www.facebook.com\/AmazonOfEurope\" \/>\n<meta property=\"article:modified_time\" content=\"2025-02-05T15:38:07+00:00\" \/>\n<meta name=\"twitter:card\" content=\"summary_large_image\" \/>\n<meta name=\"twitter:label1\" content=\"Est. reading time\" \/>\n\t<meta name=\"twitter:data1\" content=\"3 minute\" \/>\n<script type=\"application\/ld+json\" class=\"yoast-schema-graph\">{\"@context\":\"https:\/\/schema.org\",\"@graph\":[{\"@type\":\"WebPage\",\"@id\":\"https:\/\/www.amazon-of-europe.com\/sl\/projekti\/elsp\/\",\"url\":\"https:\/\/www.amazon-of-europe.com\/sl\/projekti\/elsp\/\",\"name\":\"Restoring the Amazon of Europe - Amazon of Europe\",\"isPartOf\":{\"@id\":\"https:\/\/www.amazon-of-europe.com\/#website\"},\"datePublished\":\"2024-09-01T10:12:54+00:00\",\"dateModified\":\"2025-02-05T15:38:07+00:00\",\"breadcrumb\":{\"@id\":\"https:\/\/www.amazon-of-europe.com\/sl\/projekti\/elsp\/#breadcrumb\"},\"inLanguage\":\"sl-SI\",\"potentialAction\":[{\"@type\":\"ReadAction\",\"target\":[\"https:\/\/www.amazon-of-europe.com\/sl\/projekti\/elsp\/\"]}]},{\"@type\":\"BreadcrumbList\",\"@id\":\"https:\/\/www.amazon-of-europe.com\/sl\/projekti\/elsp\/#breadcrumb\",\"itemListElement\":[{\"@type\":\"ListItem\",\"position\":1,\"name\":\"Home\",\"item\":\"https:\/\/www.amazon-of-europe.com\/\"},{\"@type\":\"ListItem\",\"position\":2,\"name\":\"Projekti\",\"item\":\"https:\/\/www.amazon-of-europe.com\/sl\/projekti\/\"},{\"@type\":\"ListItem\",\"position\":3,\"name\":\"Restoring the Amazon of Europe\"}]},{\"@type\":\"WebSite\",\"@id\":\"https:\/\/www.amazon-of-europe.com\/#website\",\"url\":\"https:\/\/www.amazon-of-europe.com\/\",\"name\":\"Amazon of Europe\",\"description\":\"WWF Austria\",\"publisher\":{\"@id\":\"https:\/\/www.amazon-of-europe.com\/#organization\"},\"potentialAction\":[{\"@type\":\"SearchAction\",\"target\":{\"@type\":\"EntryPoint\",\"urlTemplate\":\"https:\/\/www.amazon-of-europe.com\/?s={search_term_string}\"},\"query-input\":{\"@type\":\"PropertyValueSpecification\",\"valueRequired\":true,\"valueName\":\"search_term_string\"}}],\"inLanguage\":\"sl-SI\"},{\"@type\":\"Organization\",\"@id\":\"https:\/\/www.amazon-of-europe.com\/#organization\",\"name\":\"Amazon of Europe\",\"url\":\"https:\/\/www.amazon-of-europe.com\/\",\"logo\":{\"@type\":\"ImageObject\",\"inLanguage\":\"sl-SI\",\"@id\":\"https:\/\/www.amazon-of-europe.com\/#\/schema\/logo\/image\/\",\"url\":\"https:\/\/www.amazon-of-europe.com\/wp-content\/uploads\/2024\/09\/AOE_Logo.jpg\",\"contentUrl\":\"https:\/\/www.amazon-of-europe.com\/wp-content\/uploads\/2024\/09\/AOE_Logo.jpg\",\"width\":900,\"height\":384,\"caption\":\"Amazon of Europe\"},\"image\":{\"@id\":\"https:\/\/www.amazon-of-europe.com\/#\/schema\/logo\/image\/\"},\"sameAs\":[\"https:\/\/www.facebook.com\/AmazonOfEurope\"]}]}<\/script>\n<!-- \/ Yoast SEO plugin. -->","yoast_head_json":{"title":"Restoring the Amazon of Europe - Amazon of Europe","robots":{"index":"index","follow":"follow","max-snippet":"max-snippet:-1","max-image-preview":"max-image-preview:large","max-video-preview":"max-video-preview:-1"},"canonical":"https:\/\/www.amazon-of-europe.com\/sl\/projekti\/elsp\/","og_locale":"sl_SI","og_type":"article","og_title":"Restoring the Amazon of Europe - Amazon of Europe","og_description":"Restoring the Amazon of EuropeObnova Evropske Amazonke \u2013 program za ogro\u017eene kopenske in morske krajine UNESCO Petdr\u017eavno biosferno obmo\u010dje Mura-Drava-Donava (TBR MDD) je prvo varovano re\u010dno obmo\u010dje v petih dr\u017eavah. Projekt prispeva k razvoju TBR MDD, in sicer s sodelovanjem z lokalnimi skupnostmi in vzpostavitvijo Delovne skupine za obnovo (RTF \u2013 Restoration Task Force), ki [&hellip;]","og_url":"https:\/\/www.amazon-of-europe.com\/sl\/projekti\/elsp\/","og_site_name":"Amazon of Europe","article_publisher":"https:\/\/www.facebook.com\/AmazonOfEurope","article_modified_time":"2025-02-05T15:38:07+00:00","twitter_card":"summary_large_image","twitter_misc":{"Est. reading time":"3 minute"},"schema":{"@context":"https:\/\/schema.org","@graph":[{"@type":"WebPage","@id":"https:\/\/www.amazon-of-europe.com\/sl\/projekti\/elsp\/","url":"https:\/\/www.amazon-of-europe.com\/sl\/projekti\/elsp\/","name":"Restoring the Amazon of Europe - Amazon of Europe","isPartOf":{"@id":"https:\/\/www.amazon-of-europe.com\/#website"},"datePublished":"2024-09-01T10:12:54+00:00","dateModified":"2025-02-05T15:38:07+00:00","breadcrumb":{"@id":"https:\/\/www.amazon-of-europe.com\/sl\/projekti\/elsp\/#breadcrumb"},"inLanguage":"sl-SI","potentialAction":[{"@type":"ReadAction","target":["https:\/\/www.amazon-of-europe.com\/sl\/projekti\/elsp\/"]}]},{"@type":"BreadcrumbList","@id":"https:\/\/www.amazon-of-europe.com\/sl\/projekti\/elsp\/#breadcrumb","itemListElement":[{"@type":"ListItem","position":1,"name":"Home","item":"https:\/\/www.amazon-of-europe.com\/"},{"@type":"ListItem","position":2,"name":"Projekti","item":"https:\/\/www.amazon-of-europe.com\/sl\/projekti\/"},{"@type":"ListItem","position":3,"name":"Restoring the Amazon of Europe"}]},{"@type":"WebSite","@id":"https:\/\/www.amazon-of-europe.com\/#website","url":"https:\/\/www.amazon-of-europe.com\/","name":"Amazon of Europe","description":"WWF Austria","publisher":{"@id":"https:\/\/www.amazon-of-europe.com\/#organization"},"potentialAction":[{"@type":"SearchAction","target":{"@type":"EntryPoint","urlTemplate":"https:\/\/www.amazon-of-europe.com\/?s={search_term_string}"},"query-input":{"@type":"PropertyValueSpecification","valueRequired":true,"valueName":"search_term_string"}}],"inLanguage":"sl-SI"},{"@type":"Organization","@id":"https:\/\/www.amazon-of-europe.com\/#organization","name":"Amazon of Europe","url":"https:\/\/www.amazon-of-europe.com\/","logo":{"@type":"ImageObject","inLanguage":"sl-SI","@id":"https:\/\/www.amazon-of-europe.com\/#\/schema\/logo\/image\/","url":"https:\/\/www.amazon-of-europe.com\/wp-content\/uploads\/2024\/09\/AOE_Logo.jpg","contentUrl":"https:\/\/www.amazon-of-europe.com\/wp-content\/uploads\/2024\/09\/AOE_Logo.jpg","width":900,"height":384,"caption":"Amazon of Europe"},"image":{"@id":"https:\/\/www.amazon-of-europe.com\/#\/schema\/logo\/image\/"},"sameAs":["https:\/\/www.facebook.com\/AmazonOfEurope"]}]}},"_links":{"self":[{"href":"https:\/\/www.amazon-of-europe.com\/sl\/wp-json\/wp\/v2\/pages\/4070","targetHints":{"allow":["GET"]}}],"collection":[{"href":"https:\/\/www.amazon-of-europe.com\/sl\/wp-json\/wp\/v2\/pages"}],"about":[{"href":"https:\/\/www.amazon-of-europe.com\/sl\/wp-json\/wp\/v2\/types\/page"}],"author":[{"embeddable":true,"href":"https:\/\/www.amazon-of-europe.com\/sl\/wp-json\/wp\/v2\/users\/3"}],"replies":[{"embeddable":true,"href":"https:\/\/www.amazon-of-europe.com\/sl\/wp-json\/wp\/v2\/comments?post=4070"}],"version-history":[{"count":5,"href":"https:\/\/www.amazon-of-europe.com\/sl\/wp-json\/wp\/v2\/pages\/4070\/revisions"}],"predecessor-version":[{"id":5487,"href":"https:\/\/www.amazon-of-europe.com\/sl\/wp-json\/wp\/v2\/pages\/4070\/revisions\/5487"}],"up":[{"embeddable":true,"href":"https:\/\/www.amazon-of-europe.com\/sl\/wp-json\/wp\/v2\/pages\/4067"}],"wp:attachment":[{"href":"https:\/\/www.amazon-of-europe.com\/sl\/wp-json\/wp\/v2\/media?parent=4070"}],"curies":[{"name":"wp","href":"https:\/\/api.w.org\/{rel}","templated":true}]}}