{"id":4219,"date":"2024-06-12T19:20:27","date_gmt":"2024-06-12T19:20:27","guid":{"rendered":"https:\/\/www.amazon-of-europe.com\/contact\/"},"modified":"2024-11-17T11:22:30","modified_gmt":"2024-11-17T11:22:30","slug":"kontakt","status":"publish","type":"page","link":"https:\/\/www.amazon-of-europe.com\/sr\/kontakt\/","title":{"rendered":"Kontakt"},"content":{"rendered":"<p>[et_pb_section fb_built=&#8220;1&#8243; _builder_version=&#8220;4.27.0&#8243; _module_preset=&#8220;default&#8220; background_color=&#8220;#A5BE8A&#8220; custom_margin=&#8220;0px||0px||false|false&#8220; custom_padding=&#8220;25px||10px||false|false&#8220; top_divider_color=&#8220;#7DAAAF&#8220; top_divider_height=&#8220;18px&#8220; top_divider_repeat=&#8220;25x&#8220; top_divider_height_tablet=&#8220;16px&#8220; top_divider_height_phone=&#8220;10px&#8220; top_divider_height_last_edited=&#8220;on|desktop&#8220; top_divider_repeat_tablet=&#8220;16x&#8220; top_divider_repeat_phone=&#8220;10x&#8220; top_divider_repeat_last_edited=&#8220;on|phone&#8220; bottom_divider_color=&#8220;#7DAAAF&#8220; bottom_divider_height=&#8220;25px&#8220; bottom_divider_repeat=&#8220;25x&#8220; bottom_divider_height_tablet=&#8220;16px&#8220; bottom_divider_height_phone=&#8220;10px&#8220; bottom_divider_height_last_edited=&#8220;on|phone&#8220; bottom_divider_repeat_tablet=&#8220;16x&#8220; bottom_divider_repeat_phone=&#8220;10x&#8220; bottom_divider_repeat_last_edited=&#8220;on|phone&#8220; border_color_top=&#8220;#d8e5e7&#8243; border_color_bottom=&#8220;#A5BE8A&#8220; locked=&#8220;off&#8220; global_colors_info=&#8220;{}&#8220;][et_pb_row _builder_version=&#8220;4.27.0&#8243; _module_preset=&#8220;default&#8220; width=&#8220;65%&#8220; width_tablet=&#8220;80%&#8220; width_phone=&#8220;80%&#8220; width_last_edited=&#8220;on|tablet&#8220; max_width=&#8220;900px&#8220; custom_margin=&#8220;0px||0px||false|false&#8220; custom_padding=&#8220;0px||0px||false|false&#8220; global_colors_info=&#8220;{}&#8220;][et_pb_column type=&#8220;4_4&#8243; _builder_version=&#8220;4.27.0&#8243; _module_preset=&#8220;default&#8220; global_colors_info=&#8220;{}&#8220;][et_pb_text _builder_version=&#8220;4.27.0&#8243; _module_preset=&#8220;default&#8220; header_text_color=&#8220;#FFFFFF&#8220; header_font_size=&#8220;45px&#8220; custom_margin=&#8220;0px||0px||false|false&#8220; custom_padding=&#8220;0px||0px||false|false&#8220; global_colors_info=&#8220;{}&#8220;]<\/p>\n<h1>KONTAKT<\/h1>\n<p>[\/et_pb_text][\/et_pb_column][\/et_pb_row][\/et_pb_section][et_pb_section fb_built=&#8220;1&#8243; _builder_version=&#8220;4.27.0&#8243; _module_preset=&#8220;default&#8220; custom_margin=&#8220;0px||0px||false|false&#8220; custom_padding=&#8220;0px||0px||false|false&#8220; global_colors_info=&#8220;{}&#8220;][et_pb_row _builder_version=&#8220;4.27.0&#8243; _module_preset=&#8220;default&#8220; width=&#8220;65%&#8220; width_tablet=&#8220;80%&#8220; width_phone=&#8220;80%&#8220; width_last_edited=&#8220;on|desktop&#8220; max_width=&#8220;900px&#8220; module_alignment=&#8220;center&#8220; global_colors_info=&#8220;{}&#8220;][et_pb_column type=&#8220;4_4&#8243; _builder_version=&#8220;4.25.2&#8243; _module_preset=&#8220;default&#8220; global_colors_info=&#8220;{}&#8220;][et_pb_text _builder_version=&#8220;4.27.0&#8243; _module_preset=&#8220;default&#8220; text_font_size=&#8220;16px&#8220; text_line_height=&#8220;22px&#8220; link_font=&#8220;||||on|||#7DAAAF|&#8220; link_text_color=&#8220;#7DAAAF&#8220; header_2_text_color=&#8220;#7DAAAF&#8220; header_2_font_size=&#8220;35px&#8220; global_colors_info=&#8220;{}&#8220;]<\/p>\n<p>Prihvatamo va\u0161a pitanja, komentare i povratne informacije o Evropskom Amazonu. Molimo vas, kontaktirajte nas koristec\u0301i kontakt informacije u nastavku:<\/p>\n<p><strong>Email:<\/strong> <a href=\"mailto:liferestoreformdd@wwf.at\u00a0\" target=\"_blank\" rel=\"noopener\">liferestoreformdd@wwf.at\u00a0<\/a><\/p>\n<p><strong>Mailing Address:<\/strong><br \/>Umweltverband WWF \u00d6sterreich (WORLD WIDE FUND FOR NATURE)<br \/>Ottakringer Stra\u00dfe 114-116<br \/>1160 Wien<br \/>Austria<\/p>\n<p><strong>Dru\u0161tveni mediji:<\/strong><br \/>Pratite nas da budete u toku sa najnovijim informacijima o Evropskom Amazonu:<\/p>\n<p>[\/et_pb_text][et_pb_social_media_follow icon_color=&#8220;#ffffff&#8220; _builder_version=&#8220;4.27.0&#8243; _module_preset=&#8220;default&#8220; custom_button=&#8220;on&#8220; button_bg_color=&#8220;#000000&#8243; text_orientation=&#8220;left&#8220; custom_margin=&#8220;20px||0px||false|false&#8220; custom_padding=&#8220;||0px||false|false&#8220; global_colors_info=&#8220;{}&#8220;][et_pb_social_media_follow_network social_network=&#8220;facebook&#8220; url=&#8220;https:\/\/www.facebook.com\/AmazonOfEurope&#8220; icon_color=&#8220;#FFFFFF&#8220; use_icon_font_size=&#8220;on&#8220; _builder_version=&#8220;4.25.2&#8243; _module_preset=&#8220;default&#8220; background_color=&#8220;#000000&#8243; background_enable_color=&#8220;on&#8220; border_radii=&#8220;on|20px|20px|20px|20px&#8220; global_colors_info=&#8220;{}&#8220; follow_button=&#8220;off&#8220; url_new_window=&#8220;on&#8220;]facebook[\/et_pb_social_media_follow_network][\/et_pb_social_media_follow][et_pb_text _builder_version=&#8220;4.27.0&#8243; _module_preset=&#8220;default&#8220; text_font_size=&#8220;16px&#8220; text_line_height=&#8220;22px&#8220; link_font=&#8220;||||on|||#7DAAAF|&#8220; link_text_color=&#8220;#7DAAAF&#8220; header_2_text_color=&#8220;#7DAAAF&#8220; header_2_font_size=&#8220;35px&#8220; global_colors_info=&#8220;{}&#8220;]<\/p>\n<p><strong>Pitanja za medije:<\/strong><br \/>Za zahteve medija, molimo vas da po\u0161aljete mejl na <a href=\"mailto:jasmin.maier@wwf.at\" target=\"_blank\" rel=\"noopener\">jasmin.maier@wwf.at<\/a><\/p>\n<p><strong>Bilten:<\/strong><br \/>Prijavite se za na\u0161 bilten LIFE RESTORE za MDD da biste dobijali polugodi\u0161nje a\u017eurirane informacije o najvec\u0301em projektu o\u010duvanja u Evropskom Amazonu.<\/p>\n<p>[\/et_pb_text][et_pb_button button_url=&#8220;https:\/\/www.amazon-of-europe.com\/sr\/newsletter\/&#8220; button_text=&#8220;FORMULAR ZA REGISTRACIJU &#8220; button_alignment=&#8220;left&#8220; _builder_version=&#8220;4.27.0&#8243; _module_preset=&#8220;default&#8220; custom_button=&#8220;on&#8220; button_text_size=&#8220;22px&#8220; button_text_color=&#8220;#7DAAAF&#8220; button_bg_color=&#8220;#FFFFFF&#8220; button_border_radius=&#8220;50px&#8220; button_font=&#8220;Bebas Neue|700|||||||&#8220; custom_margin=&#8220;16px||||false|false&#8220; custom_padding=&#8220;10px||10px||false|false&#8220; hover_enabled=&#8220;0&#8243; locked=&#8220;off&#8220; global_colors_info=&#8220;{}&#8220; sticky_enabled=&#8220;0&#8243;][\/et_pb_button][et_pb_text _builder_version=&#8220;4.27.0&#8243; _module_preset=&#8220;default&#8220; text_font_size=&#8220;16px&#8220; text_line_height=&#8220;22px&#8220; header_2_text_color=&#8220;#7DAAAF&#8220; header_2_font_size=&#8220;35px&#8220; hover_enabled=&#8220;0&#8243; global_colors_info=&#8220;{}&#8220; sticky_enabled=&#8220;0&#8243;]<\/p>\n<p>Sa rado\u0161\u0107u o\u010dekujemo da nam se javite i zahvalni smo vam \u0161to se interesujete za Evropski Amazon. Zajedno mo\u017eemo da pomognemo da se o\u010duva ovaj jedinstveni re\u010dni ekosistem za buduc\u0301e generacije.<\/p>\n<p>[\/et_pb_text][\/et_pb_column][\/et_pb_row][\/et_pb_section]<\/p>\n","protected":false},"excerpt":{"rendered":"<p>KONTAKTPrihvatamo va\u0161a pitanja, komentare i povratne informacije o Evropskom Amazonu. Molimo vas, kontaktirajte nas koristec\u0301i kontakt informacije u nastavku: Email: liferestoreformdd@wwf.at\u00a0 Mailing Address:Umweltverband WWF \u00d6sterreich (WORLD WIDE FUND FOR NATURE)Ottakringer Stra\u00dfe 114-1161160 WienAustria Dru\u0161tveni mediji:Pratite nas da budete u toku sa najnovijim informacijima o Evropskom Amazonu:Pitanja za medije:Za zahteve medija, molimo vas da po\u0161aljete mejl [&hellip;]<\/p>\n","protected":false},"author":3,"featured_media":0,"parent":0,"menu_order":0,"comment_status":"closed","ping_status":"closed","template":"","meta":{"_et_pb_use_builder":"on","_et_pb_old_content":"","_et_gb_content_width":"","footnotes":""},"class_list":["post-4219","page","type-page","status-publish","hentry"],"yoast_head":"<!-- This site is optimized with the Yoast SEO plugin v24.2 - https:\/\/yoast.com\/wordpress\/plugins\/seo\/ -->\n<title>Kontakt - Amazon of Europe<\/title>\n<meta name=\"robots\" content=\"index, follow, max-snippet:-1, max-image-preview:large, max-video-preview:-1\" \/>\n<link rel=\"canonical\" href=\"https:\/\/www.amazon-of-europe.com\/contact\/\" \/>\n<meta property=\"og:locale\" content=\"sr_RS\" \/>\n<meta property=\"og:type\" content=\"article\" \/>\n<meta property=\"og:title\" content=\"Kontakt - Amazon of Europe\" \/>\n<meta property=\"og:description\" content=\"KONTAKTPrihvatamo va\u0161a pitanja, komentare i povratne informacije o Evropskom Amazonu. Molimo vas, kontaktirajte nas koristec\u0301i kontakt informacije u nastavku: Email: liferestoreformdd@wwf.at\u00a0 Mailing Address:Umweltverband WWF \u00d6sterreich (WORLD WIDE FUND FOR NATURE)Ottakringer Stra\u00dfe 114-1161160 WienAustria Dru\u0161tveni mediji:Pratite nas da budete u toku sa najnovijim informacijima o Evropskom Amazonu:Pitanja za medije:Za zahteve medija, molimo vas da po\u0161aljete mejl [&hellip;]\" \/>\n<meta property=\"og:url\" content=\"https:\/\/www.amazon-of-europe.com\/contact\/\" \/>\n<meta property=\"og:site_name\" content=\"Amazon of Europe\" \/>\n<meta property=\"article:publisher\" content=\"https:\/\/www.facebook.com\/AmazonOfEurope\" \/>\n<meta property=\"article:modified_time\" content=\"2024-11-17T11:22:30+00:00\" \/>\n<meta name=\"twitter:card\" content=\"summary_large_image\" \/>\n<meta name=\"twitter:label1\" content=\"\u041f\u0440\u043e\u0446\u0435\u045a\u0435\u043d\u043e \u0432\u0440\u0435\u043c\u0435 \u0447\u0438\u0442\u0430\u045a\u0430\" \/>\n\t<meta name=\"twitter:data1\" content=\"4 \u043c\u0438\u043d\u0443\u0442\u0430\" \/>\n<script type=\"application\/ld+json\" class=\"yoast-schema-graph\">{\"@context\":\"https:\/\/schema.org\",\"@graph\":[{\"@type\":\"WebPage\",\"@id\":\"https:\/\/www.amazon-of-europe.com\/contact\/\",\"url\":\"https:\/\/www.amazon-of-europe.com\/contact\/\",\"name\":\"Kontakt - Amazon of Europe\",\"isPartOf\":{\"@id\":\"https:\/\/www.amazon-of-europe.com\/#website\"},\"datePublished\":\"2024-06-12T19:20:27+00:00\",\"dateModified\":\"2024-11-17T11:22:30+00:00\",\"breadcrumb\":{\"@id\":\"https:\/\/www.amazon-of-europe.com\/contact\/#breadcrumb\"},\"inLanguage\":\"sr-RS\",\"potentialAction\":[{\"@type\":\"ReadAction\",\"target\":[\"https:\/\/www.amazon-of-europe.com\/contact\/\"]}]},{\"@type\":\"BreadcrumbList\",\"@id\":\"https:\/\/www.amazon-of-europe.com\/contact\/#breadcrumb\",\"itemListElement\":[{\"@type\":\"ListItem\",\"position\":1,\"name\":\"Home\",\"item\":\"https:\/\/www.amazon-of-europe.com\/\"},{\"@type\":\"ListItem\",\"position\":2,\"name\":\"Kontakt\"}]},{\"@type\":\"WebSite\",\"@id\":\"https:\/\/www.amazon-of-europe.com\/#website\",\"url\":\"https:\/\/www.amazon-of-europe.com\/\",\"name\":\"Amazon of Europe\",\"description\":\"WWF Austria\",\"publisher\":{\"@id\":\"https:\/\/www.amazon-of-europe.com\/#organization\"},\"potentialAction\":[{\"@type\":\"SearchAction\",\"target\":{\"@type\":\"EntryPoint\",\"urlTemplate\":\"https:\/\/www.amazon-of-europe.com\/?s={search_term_string}\"},\"query-input\":{\"@type\":\"PropertyValueSpecification\",\"valueRequired\":true,\"valueName\":\"search_term_string\"}}],\"inLanguage\":\"sr-RS\"},{\"@type\":\"Organization\",\"@id\":\"https:\/\/www.amazon-of-europe.com\/#organization\",\"name\":\"Amazon of Europe\",\"url\":\"https:\/\/www.amazon-of-europe.com\/\",\"logo\":{\"@type\":\"ImageObject\",\"inLanguage\":\"sr-RS\",\"@id\":\"https:\/\/www.amazon-of-europe.com\/#\/schema\/logo\/image\/\",\"url\":\"https:\/\/www.amazon-of-europe.com\/wp-content\/uploads\/2024\/09\/AOE_Logo.jpg\",\"contentUrl\":\"https:\/\/www.amazon-of-europe.com\/wp-content\/uploads\/2024\/09\/AOE_Logo.jpg\",\"width\":900,\"height\":384,\"caption\":\"Amazon of Europe\"},\"image\":{\"@id\":\"https:\/\/www.amazon-of-europe.com\/#\/schema\/logo\/image\/\"},\"sameAs\":[\"https:\/\/www.facebook.com\/AmazonOfEurope\"]}]}<\/script>\n<!-- \/ Yoast SEO plugin. -->","yoast_head_json":{"title":"Kontakt - Amazon of Europe","robots":{"index":"index","follow":"follow","max-snippet":"max-snippet:-1","max-image-preview":"max-image-preview:large","max-video-preview":"max-video-preview:-1"},"canonical":"https:\/\/www.amazon-of-europe.com\/contact\/","og_locale":"sr_RS","og_type":"article","og_title":"Kontakt - Amazon of Europe","og_description":"KONTAKTPrihvatamo va\u0161a pitanja, komentare i povratne informacije o Evropskom Amazonu. Molimo vas, kontaktirajte nas koristec\u0301i kontakt informacije u nastavku: Email: liferestoreformdd@wwf.at\u00a0 Mailing Address:Umweltverband WWF \u00d6sterreich (WORLD WIDE FUND FOR NATURE)Ottakringer Stra\u00dfe 114-1161160 WienAustria Dru\u0161tveni mediji:Pratite nas da budete u toku sa najnovijim informacijima o Evropskom Amazonu:Pitanja za medije:Za zahteve medija, molimo vas da po\u0161aljete mejl [&hellip;]","og_url":"https:\/\/www.amazon-of-europe.com\/contact\/","og_site_name":"Amazon of Europe","article_publisher":"https:\/\/www.facebook.com\/AmazonOfEurope","article_modified_time":"2024-11-17T11:22:30+00:00","twitter_card":"summary_large_image","twitter_misc":{"\u041f\u0440\u043e\u0446\u0435\u045a\u0435\u043d\u043e \u0432\u0440\u0435\u043c\u0435 \u0447\u0438\u0442\u0430\u045a\u0430":"4 \u043c\u0438\u043d\u0443\u0442\u0430"},"schema":{"@context":"https:\/\/schema.org","@graph":[{"@type":"WebPage","@id":"https:\/\/www.amazon-of-europe.com\/contact\/","url":"https:\/\/www.amazon-of-europe.com\/contact\/","name":"Kontakt - Amazon of Europe","isPartOf":{"@id":"https:\/\/www.amazon-of-europe.com\/#website"},"datePublished":"2024-06-12T19:20:27+00:00","dateModified":"2024-11-17T11:22:30+00:00","breadcrumb":{"@id":"https:\/\/www.amazon-of-europe.com\/contact\/#breadcrumb"},"inLanguage":"sr-RS","potentialAction":[{"@type":"ReadAction","target":["https:\/\/www.amazon-of-europe.com\/contact\/"]}]},{"@type":"BreadcrumbList","@id":"https:\/\/www.amazon-of-europe.com\/contact\/#breadcrumb","itemListElement":[{"@type":"ListItem","position":1,"name":"Home","item":"https:\/\/www.amazon-of-europe.com\/"},{"@type":"ListItem","position":2,"name":"Kontakt"}]},{"@type":"WebSite","@id":"https:\/\/www.amazon-of-europe.com\/#website","url":"https:\/\/www.amazon-of-europe.com\/","name":"Amazon of Europe","description":"WWF Austria","publisher":{"@id":"https:\/\/www.amazon-of-europe.com\/#organization"},"potentialAction":[{"@type":"SearchAction","target":{"@type":"EntryPoint","urlTemplate":"https:\/\/www.amazon-of-europe.com\/?s={search_term_string}"},"query-input":{"@type":"PropertyValueSpecification","valueRequired":true,"valueName":"search_term_string"}}],"inLanguage":"sr-RS"},{"@type":"Organization","@id":"https:\/\/www.amazon-of-europe.com\/#organization","name":"Amazon of Europe","url":"https:\/\/www.amazon-of-europe.com\/","logo":{"@type":"ImageObject","inLanguage":"sr-RS","@id":"https:\/\/www.amazon-of-europe.com\/#\/schema\/logo\/image\/","url":"https:\/\/www.amazon-of-europe.com\/wp-content\/uploads\/2024\/09\/AOE_Logo.jpg","contentUrl":"https:\/\/www.amazon-of-europe.com\/wp-content\/uploads\/2024\/09\/AOE_Logo.jpg","width":900,"height":384,"caption":"Amazon of Europe"},"image":{"@id":"https:\/\/www.amazon-of-europe.com\/#\/schema\/logo\/image\/"},"sameAs":["https:\/\/www.facebook.com\/AmazonOfEurope"]}]}},"_links":{"self":[{"href":"https:\/\/www.amazon-of-europe.com\/sr\/wp-json\/wp\/v2\/pages\/4219","targetHints":{"allow":["GET"]}}],"collection":[{"href":"https:\/\/www.amazon-of-europe.com\/sr\/wp-json\/wp\/v2\/pages"}],"about":[{"href":"https:\/\/www.amazon-of-europe.com\/sr\/wp-json\/wp\/v2\/types\/page"}],"author":[{"embeddable":true,"href":"https:\/\/www.amazon-of-europe.com\/sr\/wp-json\/wp\/v2\/users\/3"}],"replies":[{"embeddable":true,"href":"https:\/\/www.amazon-of-europe.com\/sr\/wp-json\/wp\/v2\/comments?post=4219"}],"version-history":[{"count":4,"href":"https:\/\/www.amazon-of-europe.com\/sr\/wp-json\/wp\/v2\/pages\/4219\/revisions"}],"predecessor-version":[{"id":4322,"href":"https:\/\/www.amazon-of-europe.com\/sr\/wp-json\/wp\/v2\/pages\/4219\/revisions\/4322"}],"wp:attachment":[{"href":"https:\/\/www.amazon-of-europe.com\/sr\/wp-json\/wp\/v2\/media?parent=4219"}],"curies":[{"name":"wp","href":"https:\/\/api.w.org\/{rel}","templated":true}]}}